{"id":997,"date":"2025-03-06T15:25:26","date_gmt":"2025-03-06T14:25:26","guid":{"rendered":"https:\/\/szekelyfalat.ro\/?post_type=product&#038;p=997"},"modified":"2025-03-06T15:25:27","modified_gmt":"2025-03-06T14:25:27","slug":"zsivany-karaj-2","status":"publish","type":"product","link":"https:\/\/szekelyfalat.ro\/hu\/product\/zsivany-karaj-2\/","title":{"rendered":"ZSIV\u00c1NY KARAJ"},"content":{"rendered":"\n<p>35% sert\u00e9s feh\u00e9r karaj, 35% sert\u00e9s csont n\u00e9lk\u00fcli karaj, s\u00f3, v\u00edz, term\u00e9szetes f\u0171szerek. F\u0151tt term\u00e9k.<\/p>\n","protected":false},"excerpt":{"rendered":"<p>35% sert\u00e9s feh\u00e9r karaj, 35% sert\u00e9s csont n\u00e9lk\u00fcli karaj, s\u00f3, v\u00edz, term\u00e9szetes f\u0171szerek. F\u0151tt term\u00e9k.<\/p>\n","protected":false},"featured_media":1708,"template":"","meta":[],"gama":[48],"class_list":["post-997","product","type-product","status-publish","has-post-thumbnail","hentry","gama-szeletelt-termekek","description-off"],"_links":{"self":[{"href":"https:\/\/szekelyfalat.ro\/hu\/wp-json\/wp\/v2\/product\/997","targetHints":{"allow":["GET"]}}],"collection":[{"href":"https:\/\/szekelyfalat.ro\/hu\/wp-json\/wp\/v2\/product"}],"about":[{"href":"https:\/\/szekelyfalat.ro\/hu\/wp-json\/wp\/v2\/types\/product"}],"wp:featuredmedia":[{"embeddable":true,"href":"https:\/\/szekelyfalat.ro\/hu\/wp-json\/wp\/v2\/media\/1708"}],"wp:attachment":[{"href":"https:\/\/szekelyfalat.ro\/hu\/wp-json\/wp\/v2\/media?parent=997"}],"wp:term":[{"taxonomy":"gama","embeddable":true,"href":"https:\/\/szekelyfalat.ro\/hu\/wp-json\/wp\/v2\/gama?post=997"}],"curies":[{"name":"wp","href":"https:\/\/api.w.org\/{rel}","templated":true}]}}