{"id":995,"date":"2025-03-06T15:24:45","date_gmt":"2025-03-06T14:24:45","guid":{"rendered":"https:\/\/szekelyfalat.ro\/?post_type=product&#038;p=995"},"modified":"2025-03-06T15:24:46","modified_gmt":"2025-03-06T14:24:46","slug":"fustolt-mangalica-feherkaraj","status":"publish","type":"product","link":"https:\/\/szekelyfalat.ro\/hu\/product\/fustolt-mangalica-feherkaraj\/","title":{"rendered":"F\u00dcST\u00d6LT MANGALICA FEH\u00c9RKARAJ"},"content":{"rendered":"\n<p>95% mangalica feh\u00e9r karaj, s\u00f3, term\u00e9szetes f\u0171szerek. Nyers, f\u00fcst\u00f6lt term\u00e9k.<\/p>\n","protected":false},"excerpt":{"rendered":"<p>95% mangalica feh\u00e9r karaj, s\u00f3, term\u00e9szetes f\u0171szerek. Nyers, f\u00fcst\u00f6lt term\u00e9k.<\/p>\n","protected":false},"featured_media":1693,"template":"","meta":[],"gama":[48],"class_list":["post-995","product","type-product","status-publish","has-post-thumbnail","hentry","gama-szeletelt-termekek","description-off"],"_links":{"self":[{"href":"https:\/\/szekelyfalat.ro\/hu\/wp-json\/wp\/v2\/product\/995","targetHints":{"allow":["GET"]}}],"collection":[{"href":"https:\/\/szekelyfalat.ro\/hu\/wp-json\/wp\/v2\/product"}],"about":[{"href":"https:\/\/szekelyfalat.ro\/hu\/wp-json\/wp\/v2\/types\/product"}],"wp:featuredmedia":[{"embeddable":true,"href":"https:\/\/szekelyfalat.ro\/hu\/wp-json\/wp\/v2\/media\/1693"}],"wp:attachment":[{"href":"https:\/\/szekelyfalat.ro\/hu\/wp-json\/wp\/v2\/media?parent=995"}],"wp:term":[{"taxonomy":"gama","embeddable":true,"href":"https:\/\/szekelyfalat.ro\/hu\/wp-json\/wp\/v2\/gama?post=995"}],"curies":[{"name":"wp","href":"https:\/\/api.w.org\/{rel}","templated":true}]}}