{"id":988,"date":"2025-03-06T15:20:35","date_gmt":"2025-03-06T14:20:35","guid":{"rendered":"https:\/\/szekelyfalat.ro\/?post_type=product&#038;p=988"},"modified":"2025-03-06T15:22:45","modified_gmt":"2025-03-06T14:22:45","slug":"mangalica-szalami-3","status":"publish","type":"product","link":"https:\/\/szekelyfalat.ro\/hu\/product\/mangalica-szalami-3\/","title":{"rendered":"MANGALICA SZAL\u00c1MI"},"content":{"rendered":"\n<p>100% mangalica sert\u00e9sh\u00fas, s\u00f3, term\u00e9szetes f\u0171szerek (\u00e9des paprika por, bors, fokhagyma, szegf\u0171bors). Nyers, sz\u00e1r\u00edtott, f\u00fcst\u00f6lt term\u00e9k. V\u00e1kumcsomagolt.<\/p>\n","protected":false},"excerpt":{"rendered":"<p>100% mangalica sert\u00e9sh\u00fas, s\u00f3, term\u00e9szetes f\u0171szerek (\u00e9des paprika por, bors, fokhagyma, szegf\u0171bors). Nyers, sz\u00e1r\u00edtott, f\u00fcst\u00f6lt term\u00e9k. V\u00e1kumcsomagolt.<\/p>\n","protected":false},"featured_media":1714,"template":"","meta":[],"gama":[48],"class_list":["post-988","product","type-product","status-publish","has-post-thumbnail","hentry","gama-szeletelt-termekek","description-off"],"_links":{"self":[{"href":"https:\/\/szekelyfalat.ro\/hu\/wp-json\/wp\/v2\/product\/988","targetHints":{"allow":["GET"]}}],"collection":[{"href":"https:\/\/szekelyfalat.ro\/hu\/wp-json\/wp\/v2\/product"}],"about":[{"href":"https:\/\/szekelyfalat.ro\/hu\/wp-json\/wp\/v2\/types\/product"}],"wp:featuredmedia":[{"embeddable":true,"href":"https:\/\/szekelyfalat.ro\/hu\/wp-json\/wp\/v2\/media\/1714"}],"wp:attachment":[{"href":"https:\/\/szekelyfalat.ro\/hu\/wp-json\/wp\/v2\/media?parent=988"}],"wp:term":[{"taxonomy":"gama","embeddable":true,"href":"https:\/\/szekelyfalat.ro\/hu\/wp-json\/wp\/v2\/gama?post=988"}],"curies":[{"name":"wp","href":"https:\/\/api.w.org\/{rel}","templated":true}]}}