{"id":987,"date":"2025-03-06T15:20:16","date_gmt":"2025-03-06T14:20:16","guid":{"rendered":"https:\/\/szekelyfalat.ro\/?post_type=product&#038;p=987"},"modified":"2025-03-06T15:22:28","modified_gmt":"2025-03-06T14:22:28","slug":"vaddiszno-szalami-3","status":"publish","type":"product","link":"https:\/\/szekelyfalat.ro\/hu\/product\/vaddiszno-szalami-3\/","title":{"rendered":"VADDISZN\u00d3 SZAL\u00c1MI"},"content":{"rendered":"\n<p>51% vaddiszn\u00f3h\u00fas, 29% sert\u00e9sh\u00fas, 15% marhah\u00fas, 5% szalonna, s\u00f3, term\u00e9szetes f\u0171szerek (fokhagyma, bors, paprika, koriander). Nyersen sz\u00e1r\u00edtott, f\u00fcst\u00f6lt term\u00e9k. V\u00e1kumcsomagolt.<\/p>\n","protected":false},"excerpt":{"rendered":"<p>51% vaddiszn\u00f3h\u00fas, 29% sert\u00e9sh\u00fas, 15% marhah\u00fas, 5% szalonna, s\u00f3, term\u00e9szetes f\u0171szerek (fokhagyma, bors, paprika, koriander). Nyersen sz\u00e1r\u00edtott, f\u00fcst\u00f6lt term\u00e9k. V\u00e1kumcsomagolt.<\/p>\n","protected":false},"featured_media":1699,"template":"","meta":[],"gama":[48],"class_list":["post-987","product","type-product","status-publish","has-post-thumbnail","hentry","gama-szeletelt-termekek","description-off"],"_links":{"self":[{"href":"https:\/\/szekelyfalat.ro\/hu\/wp-json\/wp\/v2\/product\/987","targetHints":{"allow":["GET"]}}],"collection":[{"href":"https:\/\/szekelyfalat.ro\/hu\/wp-json\/wp\/v2\/product"}],"about":[{"href":"https:\/\/szekelyfalat.ro\/hu\/wp-json\/wp\/v2\/types\/product"}],"wp:featuredmedia":[{"embeddable":true,"href":"https:\/\/szekelyfalat.ro\/hu\/wp-json\/wp\/v2\/media\/1699"}],"wp:attachment":[{"href":"https:\/\/szekelyfalat.ro\/hu\/wp-json\/wp\/v2\/media?parent=987"}],"wp:term":[{"taxonomy":"gama","embeddable":true,"href":"https:\/\/szekelyfalat.ro\/hu\/wp-json\/wp\/v2\/gama?post=987"}],"curies":[{"name":"wp","href":"https:\/\/api.w.org\/{rel}","templated":true}]}}