{"id":986,"date":"2025-03-06T15:19:56","date_gmt":"2025-03-06T14:19:56","guid":{"rendered":"https:\/\/szekelyfalat.ro\/?post_type=product&#038;p=986"},"modified":"2025-03-06T15:22:12","modified_gmt":"2025-03-06T14:22:12","slug":"szarvas-szalami-3","status":"publish","type":"product","link":"https:\/\/szekelyfalat.ro\/hu\/product\/szarvas-szalami-3\/","title":{"rendered":"SZARVAS SZAL\u00c1MI"},"content":{"rendered":"\n<p>51% szarvash\u00fas, 39% sert\u00e9sh\u00fas, 5% marhah\u00fas, 5% szalonna, s\u00f3, term\u00e9szetes f\u0171szerek (feh\u00e9rbors, fokhagyma, szerecsendi\u00f3, szegf\u0171bors). Nyers, sz\u00e1r\u00edtott, f\u00fcst\u00f6lt term\u00e9k. V\u00e1kumcsomagolt.<\/p>\n","protected":false},"excerpt":{"rendered":"<p>51% szarvash\u00fas, 39% sert\u00e9sh\u00fas, 5% marhah\u00fas, 5% szalonna, s\u00f3, term\u00e9szetes f\u0171szerek (feh\u00e9rbors, fokhagyma, szerecsendi\u00f3, szegf\u0171bors). Nyers, sz\u00e1r\u00edtott, f\u00fcst\u00f6lt term\u00e9k. V\u00e1kumcsomagolt.<\/p>\n","protected":false},"featured_media":1689,"template":"","meta":[],"gama":[48],"class_list":["post-986","product","type-product","status-publish","has-post-thumbnail","hentry","gama-szeletelt-termekek","description-off"],"_links":{"self":[{"href":"https:\/\/szekelyfalat.ro\/hu\/wp-json\/wp\/v2\/product\/986","targetHints":{"allow":["GET"]}}],"collection":[{"href":"https:\/\/szekelyfalat.ro\/hu\/wp-json\/wp\/v2\/product"}],"about":[{"href":"https:\/\/szekelyfalat.ro\/hu\/wp-json\/wp\/v2\/types\/product"}],"wp:featuredmedia":[{"embeddable":true,"href":"https:\/\/szekelyfalat.ro\/hu\/wp-json\/wp\/v2\/media\/1689"}],"wp:attachment":[{"href":"https:\/\/szekelyfalat.ro\/hu\/wp-json\/wp\/v2\/media?parent=986"}],"wp:term":[{"taxonomy":"gama","embeddable":true,"href":"https:\/\/szekelyfalat.ro\/hu\/wp-json\/wp\/v2\/gama?post=986"}],"curies":[{"name":"wp","href":"https:\/\/api.w.org\/{rel}","templated":true}]}}