{"id":978,"date":"2025-03-06T15:16:55","date_gmt":"2025-03-06T14:16:55","guid":{"rendered":"https:\/\/szekelyfalat.ro\/?post_type=product&#038;p=978"},"modified":"2025-03-06T15:16:56","modified_gmt":"2025-03-06T14:16:56","slug":"fott-mangalica-kolbasz","status":"publish","type":"product","link":"https:\/\/szekelyfalat.ro\/hu\/product\/fott-mangalica-kolbasz\/","title":{"rendered":"F\u0150TT MANGALICA KOLB\u00c1SZ"},"content":{"rendered":"\n<p>59% mangalica sert\u00e9sh\u00fas, 17% marhah\u00fas, szalonna, v\u00edz, s\u00f3, term\u00e9szetes f\u0171szerek.<\/p>\n","protected":false},"excerpt":{"rendered":"<p>59% mangalica sert\u00e9sh\u00fas, 17% marhah\u00fas, szalonna, v\u00edz, s\u00f3, term\u00e9szetes f\u0171szerek.<\/p>\n","protected":false},"featured_media":1623,"template":"","meta":[],"gama":[47],"class_list":["post-978","product","type-product","status-publish","has-post-thumbnail","hentry","gama-egyseges-tomegu-termekek","description-off"],"_links":{"self":[{"href":"https:\/\/szekelyfalat.ro\/hu\/wp-json\/wp\/v2\/product\/978","targetHints":{"allow":["GET"]}}],"collection":[{"href":"https:\/\/szekelyfalat.ro\/hu\/wp-json\/wp\/v2\/product"}],"about":[{"href":"https:\/\/szekelyfalat.ro\/hu\/wp-json\/wp\/v2\/types\/product"}],"wp:featuredmedia":[{"embeddable":true,"href":"https:\/\/szekelyfalat.ro\/hu\/wp-json\/wp\/v2\/media\/1623"}],"wp:attachment":[{"href":"https:\/\/szekelyfalat.ro\/hu\/wp-json\/wp\/v2\/media?parent=978"}],"wp:term":[{"taxonomy":"gama","embeddable":true,"href":"https:\/\/szekelyfalat.ro\/hu\/wp-json\/wp\/v2\/gama?post=978"}],"curies":[{"name":"wp","href":"https:\/\/api.w.org\/{rel}","templated":true}]}}