{"id":976,"date":"2025-03-06T15:14:46","date_gmt":"2025-03-06T14:14:46","guid":{"rendered":"https:\/\/szekelyfalat.ro\/?post_type=product&#038;p=976"},"modified":"2025-03-06T15:16:08","modified_gmt":"2025-03-06T14:16:08","slug":"fustolt-mangalica-kolbasz-2","status":"publish","type":"product","link":"https:\/\/szekelyfalat.ro\/hu\/product\/fustolt-mangalica-kolbasz-2\/","title":{"rendered":"F\u00dcST\u00d6LT MANGALICA KOLB\u00c1SZ"},"content":{"rendered":"\n<p>100% mangalica sert\u00e9sh\u00fas, s\u00f3, term\u00e9szetes f\u0171szerek (\u00e9des paprika por, bors, fokhagyma, szegf\u0171bors). Nyers, sz\u00e1r\u00edtott, f\u00fcst\u00f6lt term\u00e9k. Mesters\u00e9ges, fogyaszt\u00e1sra alkalmas bevonat.<\/p>\n","protected":false},"excerpt":{"rendered":"<p>100% mangalica sert\u00e9sh\u00fas, s\u00f3, term\u00e9szetes f\u0171szerek (\u00e9des paprika por, bors, fokhagyma, szegf\u0171bors). Nyers, sz\u00e1r\u00edtott, f\u00fcst\u00f6lt term\u00e9k. Mesters\u00e9ges, fogyaszt\u00e1sra alkalmas bevonat.<\/p>\n","protected":false},"featured_media":1608,"template":"","meta":[],"gama":[47],"class_list":["post-976","product","type-product","status-publish","has-post-thumbnail","hentry","gama-egyseges-tomegu-termekek","description-off"],"_links":{"self":[{"href":"https:\/\/szekelyfalat.ro\/hu\/wp-json\/wp\/v2\/product\/976","targetHints":{"allow":["GET"]}}],"collection":[{"href":"https:\/\/szekelyfalat.ro\/hu\/wp-json\/wp\/v2\/product"}],"about":[{"href":"https:\/\/szekelyfalat.ro\/hu\/wp-json\/wp\/v2\/types\/product"}],"wp:featuredmedia":[{"embeddable":true,"href":"https:\/\/szekelyfalat.ro\/hu\/wp-json\/wp\/v2\/media\/1608"}],"wp:attachment":[{"href":"https:\/\/szekelyfalat.ro\/hu\/wp-json\/wp\/v2\/media?parent=976"}],"wp:term":[{"taxonomy":"gama","embeddable":true,"href":"https:\/\/szekelyfalat.ro\/hu\/wp-json\/wp\/v2\/gama?post=976"}],"curies":[{"name":"wp","href":"https:\/\/api.w.org\/{rel}","templated":true}]}}