{"id":974,"date":"2025-03-06T15:13:39","date_gmt":"2025-03-06T14:13:39","guid":{"rendered":"https:\/\/szekelyfalat.ro\/?post_type=product&#038;p=974"},"modified":"2025-03-06T15:13:40","modified_gmt":"2025-03-06T14:13:40","slug":"szarvas-kolbasz-2","status":"publish","type":"product","link":"https:\/\/szekelyfalat.ro\/hu\/product\/szarvas-kolbasz-2\/","title":{"rendered":"SZARVAS KOLB\u00c1SZ"},"content":{"rendered":"\n<p>51% szarvash\u00fas, 39% sert\u00e9sh\u00fas, 5% marhah\u00fas, 5% szalonna, s\u00f3, term\u00e9szetes f\u0171szerek (feh\u00e9rbors, fokhagyma, szerecsendi\u00f3, szegf\u0171bors). Nyers, sz\u00e1r\u00edtott, f\u00fcst\u00f6lt term\u00e9k. Mesters\u00e9ges, fogyaszt\u00e1sra alkalmas bevonat.<\/p>\n","protected":false},"excerpt":{"rendered":"<p>51% szarvash\u00fas, 39% sert\u00e9sh\u00fas, 5% marhah\u00fas, 5% szalonna, s\u00f3, term\u00e9szetes f\u0171szerek (feh\u00e9rbors, fokhagyma, szerecsendi\u00f3, szegf\u0171bors). Nyers, sz\u00e1r\u00edtott, f\u00fcst\u00f6lt term\u00e9k. Mesters\u00e9ges, fogyaszt\u00e1sra alkalmas bevonat.<\/p>\n","protected":false},"featured_media":1611,"template":"","meta":[],"gama":[47],"class_list":["post-974","product","type-product","status-publish","has-post-thumbnail","hentry","gama-egyseges-tomegu-termekek","description-off"],"_links":{"self":[{"href":"https:\/\/szekelyfalat.ro\/hu\/wp-json\/wp\/v2\/product\/974","targetHints":{"allow":["GET"]}}],"collection":[{"href":"https:\/\/szekelyfalat.ro\/hu\/wp-json\/wp\/v2\/product"}],"about":[{"href":"https:\/\/szekelyfalat.ro\/hu\/wp-json\/wp\/v2\/types\/product"}],"wp:featuredmedia":[{"embeddable":true,"href":"https:\/\/szekelyfalat.ro\/hu\/wp-json\/wp\/v2\/media\/1611"}],"wp:attachment":[{"href":"https:\/\/szekelyfalat.ro\/hu\/wp-json\/wp\/v2\/media?parent=974"}],"wp:term":[{"taxonomy":"gama","embeddable":true,"href":"https:\/\/szekelyfalat.ro\/hu\/wp-json\/wp\/v2\/gama?post=974"}],"curies":[{"name":"wp","href":"https:\/\/api.w.org\/{rel}","templated":true}]}}