{"id":973,"date":"2025-03-06T15:13:20","date_gmt":"2025-03-06T14:13:20","guid":{"rendered":"https:\/\/szekelyfalat.ro\/?post_type=product&#038;p=973"},"modified":"2025-03-06T15:13:21","modified_gmt":"2025-03-06T14:13:21","slug":"mangalica-szalami-2","status":"publish","type":"product","link":"https:\/\/szekelyfalat.ro\/hu\/product\/mangalica-szalami-2\/","title":{"rendered":"MANGALICA SZAL\u00c1MI"},"content":{"rendered":"\n<p>100% mangalica sert\u00e9sh\u00fas, s\u00f3, term\u00e9szetes f\u0171szerek (\u00e9des paprika por, bors, fokhagyma, szegf\u0171bors). Nyers, sz\u00e1r\u00edtott, f\u00fcst\u00f6lt term\u00e9k. Mesters\u00e9ges, nem fogyaszthat\u00f3 bevonat.<\/p>\n","protected":false},"excerpt":{"rendered":"<p>100% mangalica sert\u00e9sh\u00fas, s\u00f3, term\u00e9szetes f\u0171szerek (\u00e9des paprika por, bors, fokhagyma, szegf\u0171bors). Nyers, sz\u00e1r\u00edtott, f\u00fcst\u00f6lt term\u00e9k. Mesters\u00e9ges, nem fogyaszthat\u00f3 bevonat.<\/p>\n","protected":false},"featured_media":1638,"template":"","meta":[],"gama":[47],"class_list":["post-973","product","type-product","status-publish","has-post-thumbnail","hentry","gama-egyseges-tomegu-termekek","description-off"],"_links":{"self":[{"href":"https:\/\/szekelyfalat.ro\/hu\/wp-json\/wp\/v2\/product\/973","targetHints":{"allow":["GET"]}}],"collection":[{"href":"https:\/\/szekelyfalat.ro\/hu\/wp-json\/wp\/v2\/product"}],"about":[{"href":"https:\/\/szekelyfalat.ro\/hu\/wp-json\/wp\/v2\/types\/product"}],"wp:featuredmedia":[{"embeddable":true,"href":"https:\/\/szekelyfalat.ro\/hu\/wp-json\/wp\/v2\/media\/1638"}],"wp:attachment":[{"href":"https:\/\/szekelyfalat.ro\/hu\/wp-json\/wp\/v2\/media?parent=973"}],"wp:term":[{"taxonomy":"gama","embeddable":true,"href":"https:\/\/szekelyfalat.ro\/hu\/wp-json\/wp\/v2\/gama?post=973"}],"curies":[{"name":"wp","href":"https:\/\/api.w.org\/{rel}","templated":true}]}}