{"id":972,"date":"2025-03-06T15:13:01","date_gmt":"2025-03-06T14:13:01","guid":{"rendered":"https:\/\/szekelyfalat.ro\/?post_type=product&#038;p=972"},"modified":"2025-03-06T15:13:02","modified_gmt":"2025-03-06T14:13:02","slug":"vaddiszno-szalami-2","status":"publish","type":"product","link":"https:\/\/szekelyfalat.ro\/hu\/product\/vaddiszno-szalami-2\/","title":{"rendered":"VADDISZN\u00d3 SZAL\u00c1MI"},"content":{"rendered":"\n<p>51% vaddiszn\u00f3h\u00fas, 29% sert\u00e9sh\u00fas, 15% marhah\u00fas, 5% szalonna, s\u00f3, term\u00e9szetes f\u0171szerek (fokhagyma, bors, paprika, k\u00f6m\u00e9ny, koriander). Nyers, sz\u00e1r\u00edtott, f\u00fcst\u00f6lt term\u00e9k. Mesters\u00e9ges, nem fogyaszthat\u00f3 bevonat.<\/p>\n","protected":false},"excerpt":{"rendered":"<p>51% vaddiszn\u00f3h\u00fas, 29% sert\u00e9sh\u00fas, 15% marhah\u00fas, 5% szalonna, s\u00f3, term\u00e9szetes f\u0171szerek (fokhagyma, bors, paprika, k\u00f6m\u00e9ny, koriander). Nyers, sz\u00e1r\u00edtott, f\u00fcst\u00f6lt term\u00e9k. Mesters\u00e9ges, nem fogyaszthat\u00f3 bevonat.<\/p>\n","protected":false},"featured_media":1635,"template":"","meta":[],"gama":[47],"class_list":["post-972","product","type-product","status-publish","has-post-thumbnail","hentry","gama-egyseges-tomegu-termekek","description-off"],"_links":{"self":[{"href":"https:\/\/szekelyfalat.ro\/hu\/wp-json\/wp\/v2\/product\/972","targetHints":{"allow":["GET"]}}],"collection":[{"href":"https:\/\/szekelyfalat.ro\/hu\/wp-json\/wp\/v2\/product"}],"about":[{"href":"https:\/\/szekelyfalat.ro\/hu\/wp-json\/wp\/v2\/types\/product"}],"wp:featuredmedia":[{"embeddable":true,"href":"https:\/\/szekelyfalat.ro\/hu\/wp-json\/wp\/v2\/media\/1635"}],"wp:attachment":[{"href":"https:\/\/szekelyfalat.ro\/hu\/wp-json\/wp\/v2\/media?parent=972"}],"wp:term":[{"taxonomy":"gama","embeddable":true,"href":"https:\/\/szekelyfalat.ro\/hu\/wp-json\/wp\/v2\/gama?post=972"}],"curies":[{"name":"wp","href":"https:\/\/api.w.org\/{rel}","templated":true}]}}