{"id":966,"date":"2025-03-06T10:36:38","date_gmt":"2025-03-06T09:36:38","guid":{"rendered":"https:\/\/szekelyfalat.ro\/?post_type=product&#038;p=966"},"modified":"2025-03-06T15:10:48","modified_gmt":"2025-03-06T14:10:48","slug":"szarvas-kolbasz","status":"publish","type":"product","link":"https:\/\/szekelyfalat.ro\/hu\/product\/szarvas-kolbasz\/","title":{"rendered":"SZARVAS KOLB\u00c1SZ"},"content":{"rendered":"\n<p>51% szarvash\u00fas, 39% sert\u00e9sh\u00fas, 5% marhah\u00fas, 5% szalonna, s\u00f3, term\u00e9szetes f\u0171szerek. Nyers, f\u00fcst\u00f6lt term\u00e9k. Term\u00e9szetes bevonattal.<\/p>\n","protected":false},"excerpt":{"rendered":"<p>51% szarvash\u00fas, 39% sert\u00e9sh\u00fas, 5% marhah\u00fas, 5% szalonna, s\u00f3, term\u00e9szetes f\u0171szerek. Nyers, f\u00fcst\u00f6lt term\u00e9k. Term\u00e9szetes bevonattal.<\/p>\n","protected":false},"featured_media":1359,"template":"","meta":[],"gama":[46],"class_list":["post-966","product","type-product","status-publish","has-post-thumbnail","hentry","gama-vad-termekek","description-off"],"_links":{"self":[{"href":"https:\/\/szekelyfalat.ro\/hu\/wp-json\/wp\/v2\/product\/966","targetHints":{"allow":["GET"]}}],"collection":[{"href":"https:\/\/szekelyfalat.ro\/hu\/wp-json\/wp\/v2\/product"}],"about":[{"href":"https:\/\/szekelyfalat.ro\/hu\/wp-json\/wp\/v2\/types\/product"}],"wp:featuredmedia":[{"embeddable":true,"href":"https:\/\/szekelyfalat.ro\/hu\/wp-json\/wp\/v2\/media\/1359"}],"wp:attachment":[{"href":"https:\/\/szekelyfalat.ro\/hu\/wp-json\/wp\/v2\/media?parent=966"}],"wp:term":[{"taxonomy":"gama","embeddable":true,"href":"https:\/\/szekelyfalat.ro\/hu\/wp-json\/wp\/v2\/gama?post=966"}],"curies":[{"name":"wp","href":"https:\/\/api.w.org\/{rel}","templated":true}]}}