{"id":964,"date":"2025-03-06T15:08:05","date_gmt":"2025-03-06T14:08:05","guid":{"rendered":"https:\/\/szekelyfalat.ro\/?post_type=product&#038;p=964"},"modified":"2025-03-06T15:08:06","modified_gmt":"2025-03-06T14:08:06","slug":"mangalica-fustolt-nyakas-karaj","status":"publish","type":"product","link":"https:\/\/szekelyfalat.ro\/hu\/product\/mangalica-fustolt-nyakas-karaj\/","title":{"rendered":"MANGALICA F\u00dcST\u00d6LT NYAKAS KARAJ"},"content":{"rendered":"\n<p>95% mangalica nyakas karaj, s\u00f3, term\u00e9szetes f\u0171szerek. Nyers, f\u00fcst\u00f6lt term\u00e9k.<\/p>\n","protected":false},"excerpt":{"rendered":"<p>95% mangalica nyakas karaj, s\u00f3, term\u00e9szetes f\u0171szerek. Nyers, f\u00fcst\u00f6lt term\u00e9k.<\/p>\n","protected":false},"featured_media":1353,"template":"","meta":[],"gama":[45],"class_list":["post-964","product","type-product","status-publish","has-post-thumbnail","hentry","gama-mangalica-termekek","description-off"],"_links":{"self":[{"href":"https:\/\/szekelyfalat.ro\/hu\/wp-json\/wp\/v2\/product\/964","targetHints":{"allow":["GET"]}}],"collection":[{"href":"https:\/\/szekelyfalat.ro\/hu\/wp-json\/wp\/v2\/product"}],"about":[{"href":"https:\/\/szekelyfalat.ro\/hu\/wp-json\/wp\/v2\/types\/product"}],"wp:featuredmedia":[{"embeddable":true,"href":"https:\/\/szekelyfalat.ro\/hu\/wp-json\/wp\/v2\/media\/1353"}],"wp:attachment":[{"href":"https:\/\/szekelyfalat.ro\/hu\/wp-json\/wp\/v2\/media?parent=964"}],"wp:term":[{"taxonomy":"gama","embeddable":true,"href":"https:\/\/szekelyfalat.ro\/hu\/wp-json\/wp\/v2\/gama?post=964"}],"curies":[{"name":"wp","href":"https:\/\/api.w.org\/{rel}","templated":true}]}}