{"id":963,"date":"2025-03-06T15:07:44","date_gmt":"2025-03-06T14:07:44","guid":{"rendered":"https:\/\/szekelyfalat.ro\/?post_type=product&#038;p=963"},"modified":"2025-03-06T15:07:45","modified_gmt":"2025-03-06T14:07:45","slug":"mangalica-fustolt-feher-karaj","status":"publish","type":"product","link":"https:\/\/szekelyfalat.ro\/hu\/product\/mangalica-fustolt-feher-karaj\/","title":{"rendered":"MANGALICA F\u00dcST\u00d6LT FEH\u00c9R KARAJ"},"content":{"rendered":"\n<p>98% mangalica feh\u00e9r karaj, v\u00edz, s\u00f3, term\u00e9szetes f\u0171szerek. F\u0151tt, f\u00fcst\u00f6lt term\u00e9k.<\/p>\n","protected":false},"excerpt":{"rendered":"<p>98% mangalica feh\u00e9r karaj, v\u00edz, s\u00f3, term\u00e9szetes f\u0171szerek. F\u0151tt, f\u00fcst\u00f6lt term\u00e9k.<\/p>\n","protected":false},"featured_media":1350,"template":"","meta":[],"gama":[45],"class_list":["post-963","product","type-product","status-publish","has-post-thumbnail","hentry","gama-mangalica-termekek","description-off"],"_links":{"self":[{"href":"https:\/\/szekelyfalat.ro\/hu\/wp-json\/wp\/v2\/product\/963","targetHints":{"allow":["GET"]}}],"collection":[{"href":"https:\/\/szekelyfalat.ro\/hu\/wp-json\/wp\/v2\/product"}],"about":[{"href":"https:\/\/szekelyfalat.ro\/hu\/wp-json\/wp\/v2\/types\/product"}],"wp:featuredmedia":[{"embeddable":true,"href":"https:\/\/szekelyfalat.ro\/hu\/wp-json\/wp\/v2\/media\/1350"}],"wp:attachment":[{"href":"https:\/\/szekelyfalat.ro\/hu\/wp-json\/wp\/v2\/media?parent=963"}],"wp:term":[{"taxonomy":"gama","embeddable":true,"href":"https:\/\/szekelyfalat.ro\/hu\/wp-json\/wp\/v2\/gama?post=963"}],"curies":[{"name":"wp","href":"https:\/\/api.w.org\/{rel}","templated":true}]}}