{"id":962,"date":"2025-03-06T15:07:17","date_gmt":"2025-03-06T14:07:17","guid":{"rendered":"https:\/\/szekelyfalat.ro\/?post_type=product&#038;p=962"},"modified":"2025-03-06T15:07:18","modified_gmt":"2025-03-06T14:07:18","slug":"hazi-mangalica-majas","status":"publish","type":"product","link":"https:\/\/szekelyfalat.ro\/hu\/product\/hazi-mangalica-majas\/","title":{"rendered":"H\u00c1ZI MANGALICA M\u00c1JAS"},"content":{"rendered":"\n<p>Mangalica sert\u00e9sh\u00fas, mangalica tokaszalonna, mangalica sert\u00e9sm\u00e1j, s\u00f3, term\u00e9szetes f\u0171szerek. F\u0151tt term\u00e9k.<\/p>\n","protected":false},"excerpt":{"rendered":"<p>Mangalica sert\u00e9sh\u00fas, mangalica tokaszalonna, mangalica sert\u00e9sm\u00e1j, s\u00f3, term\u00e9szetes f\u0171szerek. F\u0151tt term\u00e9k.<\/p>\n","protected":false},"featured_media":1347,"template":"","meta":[],"gama":[45],"class_list":["post-962","product","type-product","status-publish","has-post-thumbnail","hentry","gama-mangalica-termekek","description-off"],"_links":{"self":[{"href":"https:\/\/szekelyfalat.ro\/hu\/wp-json\/wp\/v2\/product\/962","targetHints":{"allow":["GET"]}}],"collection":[{"href":"https:\/\/szekelyfalat.ro\/hu\/wp-json\/wp\/v2\/product"}],"about":[{"href":"https:\/\/szekelyfalat.ro\/hu\/wp-json\/wp\/v2\/types\/product"}],"wp:featuredmedia":[{"embeddable":true,"href":"https:\/\/szekelyfalat.ro\/hu\/wp-json\/wp\/v2\/media\/1347"}],"wp:attachment":[{"href":"https:\/\/szekelyfalat.ro\/hu\/wp-json\/wp\/v2\/media?parent=962"}],"wp:term":[{"taxonomy":"gama","embeddable":true,"href":"https:\/\/szekelyfalat.ro\/hu\/wp-json\/wp\/v2\/gama?post=962"}],"curies":[{"name":"wp","href":"https:\/\/api.w.org\/{rel}","templated":true}]}}