{"id":961,"date":"2025-03-06T15:06:55","date_gmt":"2025-03-06T14:06:55","guid":{"rendered":"https:\/\/szekelyfalat.ro\/?post_type=product&#038;p=961"},"modified":"2025-03-06T15:06:55","modified_gmt":"2025-03-06T14:06:55","slug":"kotozott-mangalica-sonka","status":"publish","type":"product","link":"https:\/\/szekelyfalat.ro\/hu\/product\/kotozott-mangalica-sonka\/","title":{"rendered":"K\u00d6T\u00d6Z\u00d6TT MANGALICA SONKA"},"content":{"rendered":"\n<p>100% mangalica sert\u00e9scomb, s\u00f3, term\u00e9szetes f\u0171szerek. F\u0151tt, f\u00fcst\u00f6lt term\u00e9k.<\/p>\n","protected":false},"excerpt":{"rendered":"<p>100% mangalica sert\u00e9scomb, s\u00f3, term\u00e9szetes f\u0171szerek. F\u0151tt, f\u00fcst\u00f6lt term\u00e9k.<\/p>\n","protected":false},"featured_media":1344,"template":"","meta":[],"gama":[45],"class_list":["post-961","product","type-product","status-publish","has-post-thumbnail","hentry","gama-mangalica-termekek","description-off"],"_links":{"self":[{"href":"https:\/\/szekelyfalat.ro\/hu\/wp-json\/wp\/v2\/product\/961","targetHints":{"allow":["GET"]}}],"collection":[{"href":"https:\/\/szekelyfalat.ro\/hu\/wp-json\/wp\/v2\/product"}],"about":[{"href":"https:\/\/szekelyfalat.ro\/hu\/wp-json\/wp\/v2\/types\/product"}],"wp:featuredmedia":[{"embeddable":true,"href":"https:\/\/szekelyfalat.ro\/hu\/wp-json\/wp\/v2\/media\/1344"}],"wp:attachment":[{"href":"https:\/\/szekelyfalat.ro\/hu\/wp-json\/wp\/v2\/media?parent=961"}],"wp:term":[{"taxonomy":"gama","embeddable":true,"href":"https:\/\/szekelyfalat.ro\/hu\/wp-json\/wp\/v2\/gama?post=961"}],"curies":[{"name":"wp","href":"https:\/\/api.w.org\/{rel}","templated":true}]}}