{"id":956,"date":"2025-03-06T15:05:06","date_gmt":"2025-03-06T14:05:06","guid":{"rendered":"https:\/\/szekelyfalat.ro\/?post_type=product&#038;p=956"},"modified":"2025-03-06T15:05:07","modified_gmt":"2025-03-06T14:05:07","slug":"fustolt-mangalica-szalonna","status":"publish","type":"product","link":"https:\/\/szekelyfalat.ro\/hu\/product\/fustolt-mangalica-szalonna\/","title":{"rendered":"F\u00dcST\u00d6LT MANGALICA SZALONNA"},"content":{"rendered":"\n<p>98%Mangalica sert\u00e9s szalonna, s\u00f3, term\u00e9szetes f\u0171szerek. Nyers, f\u00fcst\u00f6lt term\u00e9k.<\/p>\n","protected":false},"excerpt":{"rendered":"<p>98%Mangalica sert\u00e9s szalonna, s\u00f3, term\u00e9szetes f\u0171szerek. Nyers, f\u00fcst\u00f6lt term\u00e9k.<\/p>\n","protected":false},"featured_media":1329,"template":"","meta":[],"gama":[45],"class_list":["post-956","product","type-product","status-publish","has-post-thumbnail","hentry","gama-mangalica-termekek","description-off"],"_links":{"self":[{"href":"https:\/\/szekelyfalat.ro\/hu\/wp-json\/wp\/v2\/product\/956","targetHints":{"allow":["GET"]}}],"collection":[{"href":"https:\/\/szekelyfalat.ro\/hu\/wp-json\/wp\/v2\/product"}],"about":[{"href":"https:\/\/szekelyfalat.ro\/hu\/wp-json\/wp\/v2\/types\/product"}],"wp:featuredmedia":[{"embeddable":true,"href":"https:\/\/szekelyfalat.ro\/hu\/wp-json\/wp\/v2\/media\/1329"}],"wp:attachment":[{"href":"https:\/\/szekelyfalat.ro\/hu\/wp-json\/wp\/v2\/media?parent=956"}],"wp:term":[{"taxonomy":"gama","embeddable":true,"href":"https:\/\/szekelyfalat.ro\/hu\/wp-json\/wp\/v2\/gama?post=956"}],"curies":[{"name":"wp","href":"https:\/\/api.w.org\/{rel}","templated":true}]}}