{"id":953,"date":"2025-03-06T15:04:03","date_gmt":"2025-03-06T14:04:03","guid":{"rendered":"https:\/\/szekelyfalat.ro\/?post_type=product&#038;p=953"},"modified":"2025-03-06T15:04:03","modified_gmt":"2025-03-06T14:04:03","slug":"mangalica-zsir","status":"publish","type":"product","link":"https:\/\/szekelyfalat.ro\/hu\/product\/mangalica-zsir\/","title":{"rendered":"MANGALICA ZS\u00cdR"},"content":{"rendered":"\n<p>Mangalica sert\u00e9s szalonna. Olvaszt\u00e1ssal el\u0151\u00e1ll\u00edtott term\u00e9k.<\/p>\n","protected":false},"excerpt":{"rendered":"<p>Mangalica sert\u00e9s szalonna. Olvaszt\u00e1ssal el\u0151\u00e1ll\u00edtott term\u00e9k.<\/p>\n","protected":false},"featured_media":1320,"template":"","meta":[],"gama":[45],"class_list":["post-953","product","type-product","status-publish","has-post-thumbnail","hentry","gama-mangalica-termekek","description-off"],"_links":{"self":[{"href":"https:\/\/szekelyfalat.ro\/hu\/wp-json\/wp\/v2\/product\/953","targetHints":{"allow":["GET"]}}],"collection":[{"href":"https:\/\/szekelyfalat.ro\/hu\/wp-json\/wp\/v2\/product"}],"about":[{"href":"https:\/\/szekelyfalat.ro\/hu\/wp-json\/wp\/v2\/types\/product"}],"wp:featuredmedia":[{"embeddable":true,"href":"https:\/\/szekelyfalat.ro\/hu\/wp-json\/wp\/v2\/media\/1320"}],"wp:attachment":[{"href":"https:\/\/szekelyfalat.ro\/hu\/wp-json\/wp\/v2\/media?parent=953"}],"wp:term":[{"taxonomy":"gama","embeddable":true,"href":"https:\/\/szekelyfalat.ro\/hu\/wp-json\/wp\/v2\/gama?post=953"}],"curies":[{"name":"wp","href":"https:\/\/api.w.org\/{rel}","templated":true}]}}