{"id":952,"date":"2025-03-06T12:53:57","date_gmt":"2025-03-06T11:53:57","guid":{"rendered":"https:\/\/szekelyfalat.ro\/?post_type=product&#038;p=952"},"modified":"2025-03-06T12:53:57","modified_gmt":"2025-03-06T11:53:57","slug":"zsivany-karaj","status":"publish","type":"product","link":"https:\/\/szekelyfalat.ro\/hu\/product\/zsivany-karaj\/","title":{"rendered":"ZSIV\u00c1NY KARAJ"},"content":{"rendered":"\n<p>35% csont n\u00e9lk\u00fcli nyakas karaj, 35% csont n\u00e9lk\u00fcli feh\u00e9r karaj, v\u00edz, s\u00f3, term\u00e9szetes f\u0171szerek. F\u0151tt term\u00e9k.<\/p>\n","protected":false},"excerpt":{"rendered":"<p>35% csont n\u00e9lk\u00fcli nyakas karaj, 35% csont n\u00e9lk\u00fcli feh\u00e9r karaj, v\u00edz, s\u00f3, term\u00e9szetes f\u0171szerek. F\u0151tt term\u00e9k.<\/p>\n","protected":false},"featured_media":1317,"template":"","meta":[],"gama":[44],"class_list":["post-952","product","type-product","status-publish","has-post-thumbnail","hentry","gama-specialitasok","description-off"],"_links":{"self":[{"href":"https:\/\/szekelyfalat.ro\/hu\/wp-json\/wp\/v2\/product\/952","targetHints":{"allow":["GET"]}}],"collection":[{"href":"https:\/\/szekelyfalat.ro\/hu\/wp-json\/wp\/v2\/product"}],"about":[{"href":"https:\/\/szekelyfalat.ro\/hu\/wp-json\/wp\/v2\/types\/product"}],"wp:featuredmedia":[{"embeddable":true,"href":"https:\/\/szekelyfalat.ro\/hu\/wp-json\/wp\/v2\/media\/1317"}],"wp:attachment":[{"href":"https:\/\/szekelyfalat.ro\/hu\/wp-json\/wp\/v2\/media?parent=952"}],"wp:term":[{"taxonomy":"gama","embeddable":true,"href":"https:\/\/szekelyfalat.ro\/hu\/wp-json\/wp\/v2\/gama?post=952"}],"curies":[{"name":"wp","href":"https:\/\/api.w.org\/{rel}","templated":true}]}}