{"id":949,"date":"2025-03-06T12:52:46","date_gmt":"2025-03-06T11:52:46","guid":{"rendered":"https:\/\/szekelyfalat.ro\/?post_type=product&#038;p=949"},"modified":"2025-03-06T12:52:47","modified_gmt":"2025-03-06T11:52:47","slug":"fustolt-nyakas-karaj","status":"publish","type":"product","link":"https:\/\/szekelyfalat.ro\/hu\/product\/fustolt-nyakas-karaj\/","title":{"rendered":"F\u00dcST\u00d6LT NYAKAS KARAJ"},"content":{"rendered":"\n<p>95% nyakas karaj, s\u00f3, term\u00e9szetes f\u0171szerek. Nyers, f\u00fcst\u00f6lt term\u00e9k.<\/p>\n","protected":false},"excerpt":{"rendered":"<p>95% nyakas karaj, s\u00f3, term\u00e9szetes f\u0171szerek. Nyers, f\u00fcst\u00f6lt term\u00e9k.<\/p>\n","protected":false},"featured_media":1308,"template":"","meta":[],"gama":[44],"class_list":["post-949","product","type-product","status-publish","has-post-thumbnail","hentry","gama-specialitasok","description-off"],"_links":{"self":[{"href":"https:\/\/szekelyfalat.ro\/hu\/wp-json\/wp\/v2\/product\/949","targetHints":{"allow":["GET"]}}],"collection":[{"href":"https:\/\/szekelyfalat.ro\/hu\/wp-json\/wp\/v2\/product"}],"about":[{"href":"https:\/\/szekelyfalat.ro\/hu\/wp-json\/wp\/v2\/types\/product"}],"wp:featuredmedia":[{"embeddable":true,"href":"https:\/\/szekelyfalat.ro\/hu\/wp-json\/wp\/v2\/media\/1308"}],"wp:attachment":[{"href":"https:\/\/szekelyfalat.ro\/hu\/wp-json\/wp\/v2\/media?parent=949"}],"wp:term":[{"taxonomy":"gama","embeddable":true,"href":"https:\/\/szekelyfalat.ro\/hu\/wp-json\/wp\/v2\/gama?post=949"}],"curies":[{"name":"wp","href":"https:\/\/api.w.org\/{rel}","templated":true}]}}