{"id":948,"date":"2025-03-06T12:52:20","date_gmt":"2025-03-06T11:52:20","guid":{"rendered":"https:\/\/szekelyfalat.ro\/?post_type=product&#038;p=948"},"modified":"2025-03-06T12:52:21","modified_gmt":"2025-03-06T11:52:21","slug":"fott-csaszarhus-kaizer","status":"publish","type":"product","link":"https:\/\/szekelyfalat.ro\/hu\/product\/fott-csaszarhus-kaizer\/","title":{"rendered":"F\u0150TT CS\u00c1SZ\u00c1RH\u00daS (KAIZER)"},"content":{"rendered":"\n<p>82% cs\u00e1sz\u00e1rh\u00fas, s\u00f3, term\u00e9szetes f\u0171szerek. F\u0151tt, f\u00fcst\u00f6lt term\u00e9k.<\/p>\n","protected":false},"excerpt":{"rendered":"<p>82% cs\u00e1sz\u00e1rh\u00fas, s\u00f3, term\u00e9szetes f\u0171szerek. F\u0151tt, f\u00fcst\u00f6lt term\u00e9k.<\/p>\n","protected":false},"featured_media":1305,"template":"","meta":[],"gama":[44],"class_list":["post-948","product","type-product","status-publish","has-post-thumbnail","hentry","gama-specialitasok","description-off"],"_links":{"self":[{"href":"https:\/\/szekelyfalat.ro\/hu\/wp-json\/wp\/v2\/product\/948","targetHints":{"allow":["GET"]}}],"collection":[{"href":"https:\/\/szekelyfalat.ro\/hu\/wp-json\/wp\/v2\/product"}],"about":[{"href":"https:\/\/szekelyfalat.ro\/hu\/wp-json\/wp\/v2\/types\/product"}],"wp:featuredmedia":[{"embeddable":true,"href":"https:\/\/szekelyfalat.ro\/hu\/wp-json\/wp\/v2\/media\/1305"}],"wp:attachment":[{"href":"https:\/\/szekelyfalat.ro\/hu\/wp-json\/wp\/v2\/media?parent=948"}],"wp:term":[{"taxonomy":"gama","embeddable":true,"href":"https:\/\/szekelyfalat.ro\/hu\/wp-json\/wp\/v2\/gama?post=948"}],"curies":[{"name":"wp","href":"https:\/\/api.w.org\/{rel}","templated":true}]}}