{"id":947,"date":"2025-03-06T12:52:02","date_gmt":"2025-03-06T11:52:02","guid":{"rendered":"https:\/\/szekelyfalat.ro\/?post_type=product&#038;p=947"},"modified":"2025-03-06T12:52:03","modified_gmt":"2025-03-06T11:52:03","slug":"fustolt-csaszarhus","status":"publish","type":"product","link":"https:\/\/szekelyfalat.ro\/hu\/product\/fustolt-csaszarhus\/","title":{"rendered":"F\u00dcST\u00d6LT CS\u00c1SZ\u00c1RH\u00daS"},"content":{"rendered":"\n<p>97% f\u00fcst\u00f6lt cs\u00e1sz\u00e1rh\u00fas, s\u00f3, term\u00e9szetes f\u0171szerek. Nyers, f\u00fcst\u00f6lt term\u00e9k.<\/p>\n","protected":false},"excerpt":{"rendered":"<p>97% f\u00fcst\u00f6lt cs\u00e1sz\u00e1rh\u00fas, s\u00f3, term\u00e9szetes f\u0171szerek. Nyers, f\u00fcst\u00f6lt term\u00e9k.<\/p>\n","protected":false},"featured_media":1302,"template":"","meta":[],"gama":[44],"class_list":["post-947","product","type-product","status-publish","has-post-thumbnail","hentry","gama-specialitasok","description-off"],"_links":{"self":[{"href":"https:\/\/szekelyfalat.ro\/hu\/wp-json\/wp\/v2\/product\/947","targetHints":{"allow":["GET"]}}],"collection":[{"href":"https:\/\/szekelyfalat.ro\/hu\/wp-json\/wp\/v2\/product"}],"about":[{"href":"https:\/\/szekelyfalat.ro\/hu\/wp-json\/wp\/v2\/types\/product"}],"wp:featuredmedia":[{"embeddable":true,"href":"https:\/\/szekelyfalat.ro\/hu\/wp-json\/wp\/v2\/media\/1302"}],"wp:attachment":[{"href":"https:\/\/szekelyfalat.ro\/hu\/wp-json\/wp\/v2\/media?parent=947"}],"wp:term":[{"taxonomy":"gama","embeddable":true,"href":"https:\/\/szekelyfalat.ro\/hu\/wp-json\/wp\/v2\/gama?post=947"}],"curies":[{"name":"wp","href":"https:\/\/api.w.org\/{rel}","templated":true}]}}