{"id":946,"date":"2025-03-06T12:51:31","date_gmt":"2025-03-06T11:51:31","guid":{"rendered":"https:\/\/szekelyfalat.ro\/?post_type=product&#038;p=946"},"modified":"2025-03-06T12:51:32","modified_gmt":"2025-03-06T11:51:32","slug":"juh-kolbasz","status":"publish","type":"product","link":"https:\/\/szekelyfalat.ro\/hu\/product\/juh-kolbasz\/","title":{"rendered":"JUH KOLB\u00c1SZ"},"content":{"rendered":"\n<p>B\u00e1r\u00e1nyh\u00fas, sert\u00e9sh\u00fas, sert\u00e9s bels\u0151s\u00e9gek, v\u00edz, s\u00f3, term\u00e9szetes f\u0171szerek (hagyma, bors, csombor, petrezselyem).<\/p>\n","protected":false},"excerpt":{"rendered":"<p>B\u00e1r\u00e1nyh\u00fas, sert\u00e9sh\u00fas, sert\u00e9s bels\u0151s\u00e9gek, v\u00edz, s\u00f3, term\u00e9szetes f\u0171szerek (hagyma, bors, csombor, petrezselyem).<\/p>\n","protected":false},"featured_media":1852,"template":"","meta":[],"gama":[43],"class_list":["post-946","product","type-product","status-publish","has-post-thumbnail","hentry","gama-szezonalis-termekek","description-off"],"_links":{"self":[{"href":"https:\/\/szekelyfalat.ro\/hu\/wp-json\/wp\/v2\/product\/946","targetHints":{"allow":["GET"]}}],"collection":[{"href":"https:\/\/szekelyfalat.ro\/hu\/wp-json\/wp\/v2\/product"}],"about":[{"href":"https:\/\/szekelyfalat.ro\/hu\/wp-json\/wp\/v2\/types\/product"}],"wp:featuredmedia":[{"embeddable":true,"href":"https:\/\/szekelyfalat.ro\/hu\/wp-json\/wp\/v2\/media\/1852"}],"wp:attachment":[{"href":"https:\/\/szekelyfalat.ro\/hu\/wp-json\/wp\/v2\/media?parent=946"}],"wp:term":[{"taxonomy":"gama","embeddable":true,"href":"https:\/\/szekelyfalat.ro\/hu\/wp-json\/wp\/v2\/gama?post=946"}],"curies":[{"name":"wp","href":"https:\/\/api.w.org\/{rel}","templated":true}]}}