{"id":945,"date":"2025-03-06T12:51:12","date_gmt":"2025-03-06T11:51:12","guid":{"rendered":"https:\/\/szekelyfalat.ro\/?post_type=product&#038;p=945"},"modified":"2025-03-06T12:51:12","modified_gmt":"2025-03-06T11:51:12","slug":"tavaszi-barany-huskenyer","status":"publish","type":"product","link":"https:\/\/szekelyfalat.ro\/hu\/product\/tavaszi-barany-huskenyer\/","title":{"rendered":"TAVASZI B\u00c1R\u00c1NY H\u00daSKENY\u00c9R"},"content":{"rendered":"\n<p>51% b\u00e1r\u00e1nyh\u00fas, 20% sert\u00e9sh\u00fas, 20% sert\u00e9s bels\u0151s\u00e9gek, v\u00edz, s\u00f3, term\u00e9szetes f\u0171szerek (hagyma, bors, csombor, petrezselyem).<\/p>\n","protected":false},"excerpt":{"rendered":"<p>51% b\u00e1r\u00e1nyh\u00fas, 20% sert\u00e9sh\u00fas, 20% sert\u00e9s bels\u0151s\u00e9gek, v\u00edz, s\u00f3, term\u00e9szetes f\u0171szerek (hagyma, bors, csombor, petrezselyem).<\/p>\n","protected":false},"featured_media":1849,"template":"","meta":[],"gama":[43],"class_list":["post-945","product","type-product","status-publish","has-post-thumbnail","hentry","gama-szezonalis-termekek","description-off"],"_links":{"self":[{"href":"https:\/\/szekelyfalat.ro\/hu\/wp-json\/wp\/v2\/product\/945","targetHints":{"allow":["GET"]}}],"collection":[{"href":"https:\/\/szekelyfalat.ro\/hu\/wp-json\/wp\/v2\/product"}],"about":[{"href":"https:\/\/szekelyfalat.ro\/hu\/wp-json\/wp\/v2\/types\/product"}],"wp:featuredmedia":[{"embeddable":true,"href":"https:\/\/szekelyfalat.ro\/hu\/wp-json\/wp\/v2\/media\/1849"}],"wp:attachment":[{"href":"https:\/\/szekelyfalat.ro\/hu\/wp-json\/wp\/v2\/media?parent=945"}],"wp:term":[{"taxonomy":"gama","embeddable":true,"href":"https:\/\/szekelyfalat.ro\/hu\/wp-json\/wp\/v2\/gama?post=945"}],"curies":[{"name":"wp","href":"https:\/\/api.w.org\/{rel}","templated":true}]}}