{"id":942,"date":"2025-03-06T12:50:12","date_gmt":"2025-03-06T11:50:12","guid":{"rendered":"https:\/\/szekelyfalat.ro\/?post_type=product&#038;p=942"},"modified":"2025-03-06T12:50:13","modified_gmt":"2025-03-06T11:50:13","slug":"majas","status":"publish","type":"product","link":"https:\/\/szekelyfalat.ro\/hu\/product\/majas\/","title":{"rendered":"M\u00c1JAS"},"content":{"rendered":"\n<p>20% sert\u00e9sm\u00e1j, 20% sert\u00e9s bels\u0151s\u00e9gek, sert\u00e9sh\u00fas 40%, szalonna 8%, rizs 8%, hagyma, s\u00f3, term\u00e9szetes f\u0171szerek. F\u0151tt term\u00e9k. Term\u00e9szetes bevonattal.<\/p>\n","protected":false},"excerpt":{"rendered":"<p>20% sert\u00e9sm\u00e1j, 20% sert\u00e9s bels\u0151s\u00e9gek, sert\u00e9sh\u00fas 40%, szalonna 8%, rizs 8%, hagyma, s\u00f3, term\u00e9szetes f\u0171szerek. F\u0151tt term\u00e9k. Term\u00e9szetes bevonattal.<\/p>\n","protected":false},"featured_media":0,"template":"","meta":[],"gama":[43],"class_list":["post-942","product","type-product","status-publish","hentry","gama-szezonalis-termekek","description-off"],"_links":{"self":[{"href":"https:\/\/szekelyfalat.ro\/hu\/wp-json\/wp\/v2\/product\/942","targetHints":{"allow":["GET"]}}],"collection":[{"href":"https:\/\/szekelyfalat.ro\/hu\/wp-json\/wp\/v2\/product"}],"about":[{"href":"https:\/\/szekelyfalat.ro\/hu\/wp-json\/wp\/v2\/types\/product"}],"wp:attachment":[{"href":"https:\/\/szekelyfalat.ro\/hu\/wp-json\/wp\/v2\/media?parent=942"}],"wp:term":[{"taxonomy":"gama","embeddable":true,"href":"https:\/\/szekelyfalat.ro\/hu\/wp-json\/wp\/v2\/gama?post=942"}],"curies":[{"name":"wp","href":"https:\/\/api.w.org\/{rel}","templated":true}]}}