{"id":940,"date":"2025-03-06T12:49:27","date_gmt":"2025-03-06T11:49:27","guid":{"rendered":"https:\/\/szekelyfalat.ro\/?post_type=product&#038;p=940"},"modified":"2025-03-06T12:49:28","modified_gmt":"2025-03-06T11:49:28","slug":"fustolt-veres","status":"publish","type":"product","link":"https:\/\/szekelyfalat.ro\/hu\/product\/fustolt-veres\/","title":{"rendered":"F\u00dcST\u00d6LT V\u00c9RES"},"content":{"rendered":"\n<p>Sert\u00e9sh\u00fas, szalonna, b\u0151rke, sert\u00e9s v\u00e9r, s\u00f3, term\u00e9szetes f\u0171szerek. F\u0151tt term\u00e9k. Term\u00e9szetes bevonattal.<\/p>\n","protected":false},"excerpt":{"rendered":"<p>Sert\u00e9sh\u00fas, szalonna, b\u0151rke, sert\u00e9s v\u00e9r, s\u00f3, term\u00e9szetes f\u0171szerek. F\u0151tt term\u00e9k. Term\u00e9szetes bevonattal.<\/p>\n","protected":false},"featured_media":0,"template":"","meta":[],"gama":[43],"class_list":["post-940","product","type-product","status-publish","hentry","gama-szezonalis-termekek","description-off"],"_links":{"self":[{"href":"https:\/\/szekelyfalat.ro\/hu\/wp-json\/wp\/v2\/product\/940","targetHints":{"allow":["GET"]}}],"collection":[{"href":"https:\/\/szekelyfalat.ro\/hu\/wp-json\/wp\/v2\/product"}],"about":[{"href":"https:\/\/szekelyfalat.ro\/hu\/wp-json\/wp\/v2\/types\/product"}],"wp:attachment":[{"href":"https:\/\/szekelyfalat.ro\/hu\/wp-json\/wp\/v2\/media?parent=940"}],"wp:term":[{"taxonomy":"gama","embeddable":true,"href":"https:\/\/szekelyfalat.ro\/hu\/wp-json\/wp\/v2\/gama?post=940"}],"curies":[{"name":"wp","href":"https:\/\/api.w.org\/{rel}","templated":true}]}}