{"id":938,"date":"2025-03-06T12:48:36","date_gmt":"2025-03-06T11:48:36","guid":{"rendered":"https:\/\/szekelyfalat.ro\/?post_type=product&#038;p=938"},"modified":"2025-03-06T12:48:37","modified_gmt":"2025-03-06T11:48:37","slug":"husveti-sonka","status":"publish","type":"product","link":"https:\/\/szekelyfalat.ro\/hu\/product\/husveti-sonka\/","title":{"rendered":"H\u00daSV\u00c9TI SONKA"},"content":{"rendered":"\n<p>98% csontos sert\u00e9slapocka, s\u00f3, term\u00e9szetes f\u0171szerek. Nyers, f\u00fcst\u00f6lt term\u00e9k.<\/p>\n","protected":false},"excerpt":{"rendered":"<p>98% csontos sert\u00e9slapocka, s\u00f3, term\u00e9szetes f\u0171szerek. Nyers, f\u00fcst\u00f6lt term\u00e9k.<\/p>\n","protected":false},"featured_media":0,"template":"","meta":[],"gama":[43],"class_list":["post-938","product","type-product","status-publish","hentry","gama-szezonalis-termekek","description-off"],"_links":{"self":[{"href":"https:\/\/szekelyfalat.ro\/hu\/wp-json\/wp\/v2\/product\/938","targetHints":{"allow":["GET"]}}],"collection":[{"href":"https:\/\/szekelyfalat.ro\/hu\/wp-json\/wp\/v2\/product"}],"about":[{"href":"https:\/\/szekelyfalat.ro\/hu\/wp-json\/wp\/v2\/types\/product"}],"wp:attachment":[{"href":"https:\/\/szekelyfalat.ro\/hu\/wp-json\/wp\/v2\/media?parent=938"}],"wp:term":[{"taxonomy":"gama","embeddable":true,"href":"https:\/\/szekelyfalat.ro\/hu\/wp-json\/wp\/v2\/gama?post=938"}],"curies":[{"name":"wp","href":"https:\/\/api.w.org\/{rel}","templated":true}]}}