{"id":937,"date":"2025-03-06T12:48:15","date_gmt":"2025-03-06T11:48:15","guid":{"rendered":"https:\/\/szekelyfalat.ro\/?post_type=product&#038;p=937"},"modified":"2025-03-06T12:48:16","modified_gmt":"2025-03-06T11:48:16","slug":"fustolt-combszeletek","status":"publish","type":"product","link":"https:\/\/szekelyfalat.ro\/hu\/product\/fustolt-combszeletek\/","title":{"rendered":"F\u00dcST\u00d6LT COMBSZELETEK"},"content":{"rendered":"\n<p>98% sert\u00e9scomb, s\u00f3, term\u00e9szetes f\u0171szerek. Nyers, f\u00fcst\u00f6lt term\u00e9k.<\/p>\n","protected":false},"excerpt":{"rendered":"<p>98% sert\u00e9scomb, s\u00f3, term\u00e9szetes f\u0171szerek. Nyers, f\u00fcst\u00f6lt term\u00e9k.<\/p>\n","protected":false},"featured_media":0,"template":"","meta":[],"gama":[43],"class_list":["post-937","product","type-product","status-publish","hentry","gama-szezonalis-termekek","description-off"],"_links":{"self":[{"href":"https:\/\/szekelyfalat.ro\/hu\/wp-json\/wp\/v2\/product\/937","targetHints":{"allow":["GET"]}}],"collection":[{"href":"https:\/\/szekelyfalat.ro\/hu\/wp-json\/wp\/v2\/product"}],"about":[{"href":"https:\/\/szekelyfalat.ro\/hu\/wp-json\/wp\/v2\/types\/product"}],"wp:attachment":[{"href":"https:\/\/szekelyfalat.ro\/hu\/wp-json\/wp\/v2\/media?parent=937"}],"wp:term":[{"taxonomy":"gama","embeddable":true,"href":"https:\/\/szekelyfalat.ro\/hu\/wp-json\/wp\/v2\/gama?post=937"}],"curies":[{"name":"wp","href":"https:\/\/api.w.org\/{rel}","templated":true}]}}