{"id":936,"date":"2025-03-06T12:47:36","date_gmt":"2025-03-06T11:47:36","guid":{"rendered":"https:\/\/szekelyfalat.ro\/?post_type=product&#038;p=936"},"modified":"2025-03-06T12:47:36","modified_gmt":"2025-03-06T11:47:36","slug":"nemes-szalonna","status":"publish","type":"product","link":"https:\/\/szekelyfalat.ro\/hu\/product\/nemes-szalonna\/","title":{"rendered":"NEMES SZALONNA"},"content":{"rendered":"\n<p>97% csont n\u00e9lk\u00fcli sert\u00e9sh\u00fas, s\u00f3, term\u00e9szetes f\u0171szerek.<\/p>\n","protected":false},"excerpt":{"rendered":"<p>97% csont n\u00e9lk\u00fcli sert\u00e9sh\u00fas, s\u00f3, term\u00e9szetes f\u0171szerek.<\/p>\n","protected":false},"featured_media":0,"template":"","meta":[],"gama":[42],"class_list":["post-936","product","type-product","status-publish","hentry","gama-fustolt-termekek","description-off"],"_links":{"self":[{"href":"https:\/\/szekelyfalat.ro\/hu\/wp-json\/wp\/v2\/product\/936","targetHints":{"allow":["GET"]}}],"collection":[{"href":"https:\/\/szekelyfalat.ro\/hu\/wp-json\/wp\/v2\/product"}],"about":[{"href":"https:\/\/szekelyfalat.ro\/hu\/wp-json\/wp\/v2\/types\/product"}],"wp:attachment":[{"href":"https:\/\/szekelyfalat.ro\/hu\/wp-json\/wp\/v2\/media?parent=936"}],"wp:term":[{"taxonomy":"gama","embeddable":true,"href":"https:\/\/szekelyfalat.ro\/hu\/wp-json\/wp\/v2\/gama?post=936"}],"curies":[{"name":"wp","href":"https:\/\/api.w.org\/{rel}","templated":true}]}}