{"id":933,"date":"2025-03-06T12:46:36","date_gmt":"2025-03-06T11:46:36","guid":{"rendered":"https:\/\/szekelyfalat.ro\/?post_type=product&#038;p=933"},"modified":"2025-03-06T12:46:37","modified_gmt":"2025-03-06T11:46:37","slug":"erdelyi-szalonna","status":"publish","type":"product","link":"https:\/\/szekelyfalat.ro\/hu\/product\/erdelyi-szalonna\/","title":{"rendered":"ERD\u00c9LYI SZALONNA"},"content":{"rendered":"\n<p>97% kicsontolt cs\u00e1sz\u00e1rh\u00fas, s\u00f3, term\u00e9szetes f\u0171szerek. F\u0151tt, f\u00fcst\u00f6lt term\u00e9k.<\/p>\n","protected":false},"excerpt":{"rendered":"<p>97% kicsontolt cs\u00e1sz\u00e1rh\u00fas, s\u00f3, term\u00e9szetes f\u0171szerek. F\u0151tt, f\u00fcst\u00f6lt term\u00e9k.<\/p>\n","protected":false},"featured_media":0,"template":"","meta":[],"gama":[42],"class_list":["post-933","product","type-product","status-publish","hentry","gama-fustolt-termekek","description-off"],"_links":{"self":[{"href":"https:\/\/szekelyfalat.ro\/hu\/wp-json\/wp\/v2\/product\/933","targetHints":{"allow":["GET"]}}],"collection":[{"href":"https:\/\/szekelyfalat.ro\/hu\/wp-json\/wp\/v2\/product"}],"about":[{"href":"https:\/\/szekelyfalat.ro\/hu\/wp-json\/wp\/v2\/types\/product"}],"wp:attachment":[{"href":"https:\/\/szekelyfalat.ro\/hu\/wp-json\/wp\/v2\/media?parent=933"}],"wp:term":[{"taxonomy":"gama","embeddable":true,"href":"https:\/\/szekelyfalat.ro\/hu\/wp-json\/wp\/v2\/gama?post=933"}],"curies":[{"name":"wp","href":"https:\/\/api.w.org\/{rel}","templated":true}]}}