{"id":929,"date":"2025-03-06T12:45:04","date_gmt":"2025-03-06T11:45:04","guid":{"rendered":"https:\/\/szekelyfalat.ro\/?post_type=product&#038;p=929"},"modified":"2025-03-06T12:45:05","modified_gmt":"2025-03-06T11:45:05","slug":"fustolt-csulok","status":"publish","type":"product","link":"https:\/\/szekelyfalat.ro\/hu\/product\/fustolt-csulok\/","title":{"rendered":"F\u00dcST\u00d6LT CS\u00dcL\u00d6K"},"content":{"rendered":"\n<p>98% sert\u00e9scs\u00fcl\u00f6k, s\u00f3, term\u00e9szetes f\u0171szerek. Nyers, f\u00fcst\u00f6lt term\u00e9k.<\/p>\n","protected":false},"excerpt":{"rendered":"<p>98% sert\u00e9scs\u00fcl\u00f6k, s\u00f3, term\u00e9szetes f\u0171szerek. Nyers, f\u00fcst\u00f6lt term\u00e9k.<\/p>\n","protected":false},"featured_media":0,"template":"","meta":[],"gama":[42],"class_list":["post-929","product","type-product","status-publish","hentry","gama-fustolt-termekek","description-off"],"_links":{"self":[{"href":"https:\/\/szekelyfalat.ro\/hu\/wp-json\/wp\/v2\/product\/929","targetHints":{"allow":["GET"]}}],"collection":[{"href":"https:\/\/szekelyfalat.ro\/hu\/wp-json\/wp\/v2\/product"}],"about":[{"href":"https:\/\/szekelyfalat.ro\/hu\/wp-json\/wp\/v2\/types\/product"}],"wp:attachment":[{"href":"https:\/\/szekelyfalat.ro\/hu\/wp-json\/wp\/v2\/media?parent=929"}],"wp:term":[{"taxonomy":"gama","embeddable":true,"href":"https:\/\/szekelyfalat.ro\/hu\/wp-json\/wp\/v2\/gama?post=929"}],"curies":[{"name":"wp","href":"https:\/\/api.w.org\/{rel}","templated":true}]}}