{"id":928,"date":"2025-03-06T12:44:37","date_gmt":"2025-03-06T11:44:37","guid":{"rendered":"https:\/\/szekelyfalat.ro\/?post_type=product&#038;p=928"},"modified":"2025-03-06T12:44:38","modified_gmt":"2025-03-06T11:44:38","slug":"csont-nelkuli-csulok","status":"publish","type":"product","link":"https:\/\/szekelyfalat.ro\/hu\/product\/csont-nelkuli-csulok\/","title":{"rendered":"CSONT N\u00c9LK\u00dcLI CS\u00dcL\u00d6K"},"content":{"rendered":"\n<p>98% kicsontolt cs\u00fcl\u00f6k, s\u00f3, term\u00e9szetes f\u0171szerek.<\/p>\n","protected":false},"excerpt":{"rendered":"<p>98% kicsontolt cs\u00fcl\u00f6k, s\u00f3, term\u00e9szetes f\u0171szerek.<\/p>\n","protected":false},"featured_media":1843,"template":"","meta":[],"gama":[42],"class_list":["post-928","product","type-product","status-publish","has-post-thumbnail","hentry","gama-fustolt-termekek","description-off"],"_links":{"self":[{"href":"https:\/\/szekelyfalat.ro\/hu\/wp-json\/wp\/v2\/product\/928","targetHints":{"allow":["GET"]}}],"collection":[{"href":"https:\/\/szekelyfalat.ro\/hu\/wp-json\/wp\/v2\/product"}],"about":[{"href":"https:\/\/szekelyfalat.ro\/hu\/wp-json\/wp\/v2\/types\/product"}],"wp:featuredmedia":[{"embeddable":true,"href":"https:\/\/szekelyfalat.ro\/hu\/wp-json\/wp\/v2\/media\/1843"}],"wp:attachment":[{"href":"https:\/\/szekelyfalat.ro\/hu\/wp-json\/wp\/v2\/media?parent=928"}],"wp:term":[{"taxonomy":"gama","embeddable":true,"href":"https:\/\/szekelyfalat.ro\/hu\/wp-json\/wp\/v2\/gama?post=928"}],"curies":[{"name":"wp","href":"https:\/\/api.w.org\/{rel}","templated":true}]}}