{"id":925,"date":"2025-03-06T12:43:22","date_gmt":"2025-03-06T11:43:22","guid":{"rendered":"https:\/\/szekelyfalat.ro\/?post_type=product&#038;p=925"},"modified":"2025-03-06T12:43:23","modified_gmt":"2025-03-06T11:43:23","slug":"csaszarhusba-tekert-csirkemell","status":"publish","type":"product","link":"https:\/\/szekelyfalat.ro\/hu\/product\/csaszarhusba-tekert-csirkemell\/","title":{"rendered":"CS\u00c1SZ\u00c1RH\u00daSBA TEKERT CSIRKEMELL"},"content":{"rendered":"\n<p>70% csirkemell, 25% f\u00fcst\u00f6lt cs\u00e1sz\u00e1rh\u00fas, v\u00edz, s\u00f3, term\u00e9szetes f\u0171szerek. S\u00fct\u00e9s \u00e1ltal el\u0151\u00e1ll\u00edtott term\u00e9k.<\/p>\n","protected":false},"excerpt":{"rendered":"<p>70% csirkemell, 25% f\u00fcst\u00f6lt cs\u00e1sz\u00e1rh\u00fas, v\u00edz, s\u00f3, term\u00e9szetes f\u0171szerek. S\u00fct\u00e9s \u00e1ltal el\u0151\u00e1ll\u00edtott term\u00e9k.<\/p>\n","protected":false},"featured_media":1293,"template":"","meta":[],"gama":[41],"class_list":["post-925","product","type-product","status-publish","has-post-thumbnail","hentry","gama-tekercsek","description-off"],"_links":{"self":[{"href":"https:\/\/szekelyfalat.ro\/hu\/wp-json\/wp\/v2\/product\/925","targetHints":{"allow":["GET"]}}],"collection":[{"href":"https:\/\/szekelyfalat.ro\/hu\/wp-json\/wp\/v2\/product"}],"about":[{"href":"https:\/\/szekelyfalat.ro\/hu\/wp-json\/wp\/v2\/types\/product"}],"wp:featuredmedia":[{"embeddable":true,"href":"https:\/\/szekelyfalat.ro\/hu\/wp-json\/wp\/v2\/media\/1293"}],"wp:attachment":[{"href":"https:\/\/szekelyfalat.ro\/hu\/wp-json\/wp\/v2\/media?parent=925"}],"wp:term":[{"taxonomy":"gama","embeddable":true,"href":"https:\/\/szekelyfalat.ro\/hu\/wp-json\/wp\/v2\/gama?post=925"}],"curies":[{"name":"wp","href":"https:\/\/api.w.org\/{rel}","templated":true}]}}