{"id":923,"date":"2025-03-06T12:42:28","date_gmt":"2025-03-06T11:42:28","guid":{"rendered":"https:\/\/szekelyfalat.ro\/?post_type=product&#038;p=923"},"modified":"2025-03-06T12:42:29","modified_gmt":"2025-03-06T11:42:29","slug":"kemences-turt-hus","status":"publish","type":"product","link":"https:\/\/szekelyfalat.ro\/hu\/product\/kemences-turt-hus\/","title":{"rendered":"KEMENC\u00c9S T\u0170RT H\u00daS"},"content":{"rendered":"\n<p>Cs\u00e1sz\u00e1rh\u00fas, s\u00f3, term\u00e9szetes f\u0171szerek. S\u00fct\u00e9s \u00e1ltal el\u0151\u00e1ll\u00edtott term\u00e9k.<\/p>\n","protected":false},"excerpt":{"rendered":"<p>Cs\u00e1sz\u00e1rh\u00fas, s\u00f3, term\u00e9szetes f\u0171szerek. S\u00fct\u00e9s \u00e1ltal el\u0151\u00e1ll\u00edtott term\u00e9k.<\/p>\n","protected":false},"featured_media":1287,"template":"","meta":[],"gama":[41],"class_list":["post-923","product","type-product","status-publish","has-post-thumbnail","hentry","gama-tekercsek","description-off"],"_links":{"self":[{"href":"https:\/\/szekelyfalat.ro\/hu\/wp-json\/wp\/v2\/product\/923","targetHints":{"allow":["GET"]}}],"collection":[{"href":"https:\/\/szekelyfalat.ro\/hu\/wp-json\/wp\/v2\/product"}],"about":[{"href":"https:\/\/szekelyfalat.ro\/hu\/wp-json\/wp\/v2\/types\/product"}],"wp:featuredmedia":[{"embeddable":true,"href":"https:\/\/szekelyfalat.ro\/hu\/wp-json\/wp\/v2\/media\/1287"}],"wp:attachment":[{"href":"https:\/\/szekelyfalat.ro\/hu\/wp-json\/wp\/v2\/media?parent=923"}],"wp:term":[{"taxonomy":"gama","embeddable":true,"href":"https:\/\/szekelyfalat.ro\/hu\/wp-json\/wp\/v2\/gama?post=923"}],"curies":[{"name":"wp","href":"https:\/\/api.w.org\/{rel}","templated":true}]}}