{"id":920,"date":"2025-03-06T12:41:18","date_gmt":"2025-03-06T11:41:18","guid":{"rendered":"https:\/\/szekelyfalat.ro\/?post_type=product&#038;p=920"},"modified":"2025-03-06T12:41:19","modified_gmt":"2025-03-06T11:41:19","slug":"mangalica-miccs","status":"publish","type":"product","link":"https:\/\/szekelyfalat.ro\/hu\/product\/mangalica-miccs\/","title":{"rendered":"MANGALICA MICCS"},"content":{"rendered":"\n<p>53% mangalica sert\u00e9sh\u00fas, 24% marhah\u00fas, 12% szalonna, v\u00edz, s\u00f3, term\u00e9szetes f\u0171szerek. Fagyasztott term\u00e9k.<\/p>\n","protected":false},"excerpt":{"rendered":"<p>53% mangalica sert\u00e9sh\u00fas, 24% marhah\u00fas, 12% szalonna, v\u00edz, s\u00f3, term\u00e9szetes f\u0171szerek. Fagyasztott term\u00e9k.<\/p>\n","protected":false},"featured_media":1275,"template":"","meta":[],"gama":[45,40],"class_list":["post-920","product","type-product","status-publish","has-post-thumbnail","hentry","gama-mangalica-termekek","gama-nyers-keszitmenyek","description-off"],"_links":{"self":[{"href":"https:\/\/szekelyfalat.ro\/hu\/wp-json\/wp\/v2\/product\/920","targetHints":{"allow":["GET"]}}],"collection":[{"href":"https:\/\/szekelyfalat.ro\/hu\/wp-json\/wp\/v2\/product"}],"about":[{"href":"https:\/\/szekelyfalat.ro\/hu\/wp-json\/wp\/v2\/types\/product"}],"wp:featuredmedia":[{"embeddable":true,"href":"https:\/\/szekelyfalat.ro\/hu\/wp-json\/wp\/v2\/media\/1275"}],"wp:attachment":[{"href":"https:\/\/szekelyfalat.ro\/hu\/wp-json\/wp\/v2\/media?parent=920"}],"wp:term":[{"taxonomy":"gama","embeddable":true,"href":"https:\/\/szekelyfalat.ro\/hu\/wp-json\/wp\/v2\/gama?post=920"}],"curies":[{"name":"wp","href":"https:\/\/api.w.org\/{rel}","templated":true}]}}