{"id":917,"date":"2025-03-06T12:40:04","date_gmt":"2025-03-06T11:40:04","guid":{"rendered":"https:\/\/szekelyfalat.ro\/?post_type=product&#038;p=917"},"modified":"2025-03-06T12:40:05","modified_gmt":"2025-03-06T11:40:05","slug":"szekely-pulyka-parizer","status":"publish","type":"product","link":"https:\/\/szekelyfalat.ro\/hu\/product\/szekely-pulyka-parizer\/","title":{"rendered":"SZ\u00c9KELY PULYKA PARIZER"},"content":{"rendered":"\n<p>81% pulykamell, 14% szalonna, v\u00edz, s\u00f3, term\u00e9szetes f\u0171szerek.<\/p>\n","protected":false},"excerpt":{"rendered":"<p>81% pulykamell, 14% szalonna, v\u00edz, s\u00f3, term\u00e9szetes f\u0171szerek.<\/p>\n","protected":false},"featured_media":1249,"template":"","meta":[],"gama":[39],"class_list":["post-917","product","type-product","status-publish","has-post-thumbnail","hentry","gama-friss-keszitmenyek","description-off"],"_links":{"self":[{"href":"https:\/\/szekelyfalat.ro\/hu\/wp-json\/wp\/v2\/product\/917","targetHints":{"allow":["GET"]}}],"collection":[{"href":"https:\/\/szekelyfalat.ro\/hu\/wp-json\/wp\/v2\/product"}],"about":[{"href":"https:\/\/szekelyfalat.ro\/hu\/wp-json\/wp\/v2\/types\/product"}],"wp:featuredmedia":[{"embeddable":true,"href":"https:\/\/szekelyfalat.ro\/hu\/wp-json\/wp\/v2\/media\/1249"}],"wp:attachment":[{"href":"https:\/\/szekelyfalat.ro\/hu\/wp-json\/wp\/v2\/media?parent=917"}],"wp:term":[{"taxonomy":"gama","embeddable":true,"href":"https:\/\/szekelyfalat.ro\/hu\/wp-json\/wp\/v2\/gama?post=917"}],"curies":[{"name":"wp","href":"https:\/\/api.w.org\/{rel}","templated":true}]}}