{"id":913,"date":"2025-03-06T12:38:45","date_gmt":"2025-03-06T11:38:45","guid":{"rendered":"https:\/\/szekelyfalat.ro\/?post_type=product&#038;p=913"},"modified":"2025-03-06T12:38:46","modified_gmt":"2025-03-06T11:38:46","slug":"szekely-pulyka-virsli","status":"publish","type":"product","link":"https:\/\/szekelyfalat.ro\/hu\/product\/szekely-pulyka-virsli\/","title":{"rendered":"SZ\u00c9KELY PULYKA VIRSLI"},"content":{"rendered":"\n<p>81% pulykamell, sert\u00e9s szalonna 14%, s\u00f3, term\u00e9szetes f\u0171szerek.<\/p>\n","protected":false},"excerpt":{"rendered":"<p>81% pulykamell, sert\u00e9s szalonna 14%, s\u00f3, term\u00e9szetes f\u0171szerek.<\/p>\n","protected":false},"featured_media":1237,"template":"","meta":[],"gama":[39],"class_list":["post-913","product","type-product","status-publish","has-post-thumbnail","hentry","gama-friss-keszitmenyek","description-off"],"_links":{"self":[{"href":"https:\/\/szekelyfalat.ro\/hu\/wp-json\/wp\/v2\/product\/913","targetHints":{"allow":["GET"]}}],"collection":[{"href":"https:\/\/szekelyfalat.ro\/hu\/wp-json\/wp\/v2\/product"}],"about":[{"href":"https:\/\/szekelyfalat.ro\/hu\/wp-json\/wp\/v2\/types\/product"}],"wp:featuredmedia":[{"embeddable":true,"href":"https:\/\/szekelyfalat.ro\/hu\/wp-json\/wp\/v2\/media\/1237"}],"wp:attachment":[{"href":"https:\/\/szekelyfalat.ro\/hu\/wp-json\/wp\/v2\/media?parent=913"}],"wp:term":[{"taxonomy":"gama","embeddable":true,"href":"https:\/\/szekelyfalat.ro\/hu\/wp-json\/wp\/v2\/gama?post=913"}],"curies":[{"name":"wp","href":"https:\/\/api.w.org\/{rel}","templated":true}]}}