{"id":912,"date":"2025-03-06T12:38:23","date_gmt":"2025-03-06T11:38:23","guid":{"rendered":"https:\/\/szekelyfalat.ro\/?post_type=product&#038;p=912"},"modified":"2025-03-06T12:38:24","modified_gmt":"2025-03-06T11:38:24","slug":"szekely-marha-virsli","status":"publish","type":"product","link":"https:\/\/szekelyfalat.ro\/hu\/product\/szekely-marha-virsli\/","title":{"rendered":"SZ\u00c9KELY MARHA VIRSLI"},"content":{"rendered":"\n<p>85% marhah\u00fas, szalonna, s\u00f3, term\u00e9szetes f\u0171szerek.<\/p>\n","protected":false},"excerpt":{"rendered":"<p>85% marhah\u00fas, szalonna, s\u00f3, term\u00e9szetes f\u0171szerek.<\/p>\n","protected":false},"featured_media":1240,"template":"","meta":[],"gama":[39],"class_list":["post-912","product","type-product","status-publish","has-post-thumbnail","hentry","gama-friss-keszitmenyek","description-off"],"_links":{"self":[{"href":"https:\/\/szekelyfalat.ro\/hu\/wp-json\/wp\/v2\/product\/912","targetHints":{"allow":["GET"]}}],"collection":[{"href":"https:\/\/szekelyfalat.ro\/hu\/wp-json\/wp\/v2\/product"}],"about":[{"href":"https:\/\/szekelyfalat.ro\/hu\/wp-json\/wp\/v2\/types\/product"}],"wp:featuredmedia":[{"embeddable":true,"href":"https:\/\/szekelyfalat.ro\/hu\/wp-json\/wp\/v2\/media\/1240"}],"wp:attachment":[{"href":"https:\/\/szekelyfalat.ro\/hu\/wp-json\/wp\/v2\/media?parent=912"}],"wp:term":[{"taxonomy":"gama","embeddable":true,"href":"https:\/\/szekelyfalat.ro\/hu\/wp-json\/wp\/v2\/gama?post=912"}],"curies":[{"name":"wp","href":"https:\/\/api.w.org\/{rel}","templated":true}]}}