{"id":911,"date":"2025-03-06T12:38:05","date_gmt":"2025-03-06T11:38:05","guid":{"rendered":"https:\/\/szekelyfalat.ro\/?post_type=product&#038;p=911"},"modified":"2025-03-06T12:38:05","modified_gmt":"2025-03-06T11:38:05","slug":"szekely-csirke-virsli","status":"publish","type":"product","link":"https:\/\/szekelyfalat.ro\/hu\/product\/szekely-csirke-virsli\/","title":{"rendered":"SZ\u00c9KELY CSIRKE VIRSLI"},"content":{"rendered":"\n<p>81% csirkemell, 14% szalonna, s\u00f3, term\u00e9szetes f\u0171szerek. F\u0151tt, f\u00fcst\u00f6lt term\u00e9k. Term\u00e9szetes bevonattal.<\/p>\n","protected":false},"excerpt":{"rendered":"<p>81% csirkemell, 14% szalonna, s\u00f3, term\u00e9szetes f\u0171szerek. F\u0151tt, f\u00fcst\u00f6lt term\u00e9k. Term\u00e9szetes bevonattal.<\/p>\n","protected":false},"featured_media":1243,"template":"","meta":[],"gama":[39],"class_list":["post-911","product","type-product","status-publish","has-post-thumbnail","hentry","gama-friss-keszitmenyek","description-off"],"_links":{"self":[{"href":"https:\/\/szekelyfalat.ro\/hu\/wp-json\/wp\/v2\/product\/911","targetHints":{"allow":["GET"]}}],"collection":[{"href":"https:\/\/szekelyfalat.ro\/hu\/wp-json\/wp\/v2\/product"}],"about":[{"href":"https:\/\/szekelyfalat.ro\/hu\/wp-json\/wp\/v2\/types\/product"}],"wp:featuredmedia":[{"embeddable":true,"href":"https:\/\/szekelyfalat.ro\/hu\/wp-json\/wp\/v2\/media\/1243"}],"wp:attachment":[{"href":"https:\/\/szekelyfalat.ro\/hu\/wp-json\/wp\/v2\/media?parent=911"}],"wp:term":[{"taxonomy":"gama","embeddable":true,"href":"https:\/\/szekelyfalat.ro\/hu\/wp-json\/wp\/v2\/gama?post=911"}],"curies":[{"name":"wp","href":"https:\/\/api.w.org\/{rel}","templated":true}]}}