{"id":910,"date":"2025-03-06T12:37:44","date_gmt":"2025-03-06T11:37:44","guid":{"rendered":"https:\/\/szekelyfalat.ro\/?post_type=product&#038;p=910"},"modified":"2025-03-06T12:37:44","modified_gmt":"2025-03-06T11:37:44","slug":"szekely-sertes-virsli","status":"publish","type":"product","link":"https:\/\/szekelyfalat.ro\/hu\/product\/szekely-sertes-virsli\/","title":{"rendered":"SZ\u00c9KELY SERT\u00c9S VIRSLI"},"content":{"rendered":"\n<p>85% sert\u00e9sh\u00fas, szalonna, s\u00f3, term\u00e9szetes f\u0171szerek. F\u0151tt, f\u00fcst\u00f6lt term\u00e9k. Term\u00e9szetes bevonattal.<\/p>\n","protected":false},"excerpt":{"rendered":"<p>85% sert\u00e9sh\u00fas, szalonna, s\u00f3, term\u00e9szetes f\u0171szerek. F\u0151tt, f\u00fcst\u00f6lt term\u00e9k. Term\u00e9szetes bevonattal.<\/p>\n","protected":false},"featured_media":1246,"template":"","meta":[],"gama":[39],"class_list":["post-910","product","type-product","status-publish","has-post-thumbnail","hentry","gama-friss-keszitmenyek","description-off"],"_links":{"self":[{"href":"https:\/\/szekelyfalat.ro\/hu\/wp-json\/wp\/v2\/product\/910","targetHints":{"allow":["GET"]}}],"collection":[{"href":"https:\/\/szekelyfalat.ro\/hu\/wp-json\/wp\/v2\/product"}],"about":[{"href":"https:\/\/szekelyfalat.ro\/hu\/wp-json\/wp\/v2\/types\/product"}],"wp:featuredmedia":[{"embeddable":true,"href":"https:\/\/szekelyfalat.ro\/hu\/wp-json\/wp\/v2\/media\/1246"}],"wp:attachment":[{"href":"https:\/\/szekelyfalat.ro\/hu\/wp-json\/wp\/v2\/media?parent=910"}],"wp:term":[{"taxonomy":"gama","embeddable":true,"href":"https:\/\/szekelyfalat.ro\/hu\/wp-json\/wp\/v2\/gama?post=910"}],"curies":[{"name":"wp","href":"https:\/\/api.w.org\/{rel}","templated":true}]}}