{"id":908,"date":"2025-03-06T12:35:34","date_gmt":"2025-03-06T11:35:34","guid":{"rendered":"https:\/\/szekelyfalat.ro\/?post_type=product&#038;p=908"},"modified":"2025-03-06T12:35:35","modified_gmt":"2025-03-06T11:35:35","slug":"csirkemell-sonka","status":"publish","type":"product","link":"https:\/\/szekelyfalat.ro\/hu\/product\/csirkemell-sonka\/","title":{"rendered":"CSIRKEMELL SONKA"},"content":{"rendered":"\n<p>90% csirkemell, v\u00edz, s\u00f3, term\u00e9szetes f\u0171szerek. F\u0151tt term\u00e9k. Mesters\u00e9ges, nem fogyaszthat\u00f3 bevonat.<\/p>\n","protected":false},"excerpt":{"rendered":"<p>90% csirkemell, v\u00edz, s\u00f3, term\u00e9szetes f\u0171szerek. F\u0151tt term\u00e9k. Mesters\u00e9ges, nem fogyaszthat\u00f3 bevonat.<\/p>\n","protected":false},"featured_media":1231,"template":"","meta":[],"gama":[38],"class_list":["post-908","product","type-product","status-publish","has-post-thumbnail","hentry","gama-sonkak","description-off"],"_links":{"self":[{"href":"https:\/\/szekelyfalat.ro\/hu\/wp-json\/wp\/v2\/product\/908","targetHints":{"allow":["GET"]}}],"collection":[{"href":"https:\/\/szekelyfalat.ro\/hu\/wp-json\/wp\/v2\/product"}],"about":[{"href":"https:\/\/szekelyfalat.ro\/hu\/wp-json\/wp\/v2\/types\/product"}],"wp:featuredmedia":[{"embeddable":true,"href":"https:\/\/szekelyfalat.ro\/hu\/wp-json\/wp\/v2\/media\/1231"}],"wp:attachment":[{"href":"https:\/\/szekelyfalat.ro\/hu\/wp-json\/wp\/v2\/media?parent=908"}],"wp:term":[{"taxonomy":"gama","embeddable":true,"href":"https:\/\/szekelyfalat.ro\/hu\/wp-json\/wp\/v2\/gama?post=908"}],"curies":[{"name":"wp","href":"https:\/\/api.w.org\/{rel}","templated":true}]}}