{"id":907,"date":"2025-03-06T12:35:16","date_gmt":"2025-03-06T11:35:16","guid":{"rendered":"https:\/\/szekelyfalat.ro\/?post_type=product&#038;p=907"},"modified":"2025-03-06T12:35:17","modified_gmt":"2025-03-06T11:35:17","slug":"szekely-sonka","status":"publish","type":"product","link":"https:\/\/szekelyfalat.ro\/hu\/product\/szekely-sonka\/","title":{"rendered":"SZ\u00c9KELY SONKA"},"content":{"rendered":"\n<p>85% sert\u00e9scomb, v\u00edz, s\u00f3, term\u00e9szetes f\u0171szerek. F\u0151tt, f\u00fcst\u00f6lt term\u00e9k.<\/p>\n","protected":false},"excerpt":{"rendered":"<p>85% sert\u00e9scomb, v\u00edz, s\u00f3, term\u00e9szetes f\u0171szerek. F\u0151tt, f\u00fcst\u00f6lt term\u00e9k.<\/p>\n","protected":false},"featured_media":1225,"template":"","meta":[],"gama":[38],"class_list":["post-907","product","type-product","status-publish","has-post-thumbnail","hentry","gama-sonkak","description-off"],"_links":{"self":[{"href":"https:\/\/szekelyfalat.ro\/hu\/wp-json\/wp\/v2\/product\/907","targetHints":{"allow":["GET"]}}],"collection":[{"href":"https:\/\/szekelyfalat.ro\/hu\/wp-json\/wp\/v2\/product"}],"about":[{"href":"https:\/\/szekelyfalat.ro\/hu\/wp-json\/wp\/v2\/types\/product"}],"wp:featuredmedia":[{"embeddable":true,"href":"https:\/\/szekelyfalat.ro\/hu\/wp-json\/wp\/v2\/media\/1225"}],"wp:attachment":[{"href":"https:\/\/szekelyfalat.ro\/hu\/wp-json\/wp\/v2\/media?parent=907"}],"wp:term":[{"taxonomy":"gama","embeddable":true,"href":"https:\/\/szekelyfalat.ro\/hu\/wp-json\/wp\/v2\/gama?post=907"}],"curies":[{"name":"wp","href":"https:\/\/api.w.org\/{rel}","templated":true}]}}