{"id":906,"date":"2025-03-06T12:34:49","date_gmt":"2025-03-06T11:34:49","guid":{"rendered":"https:\/\/szekelyfalat.ro\/?post_type=product&#038;p=906"},"modified":"2025-04-15T08:20:41","modified_gmt":"2025-04-15T06:20:41","slug":"nyelvbol-keszult-disznofosajt","status":"publish","type":"product","link":"https:\/\/szekelyfalat.ro\/hu\/product\/nyelvbol-keszult-disznofosajt\/","title":{"rendered":"ERD\u00c9LYI DISZN\u00d3F\u0150SAJT"},"content":{"rendered":"\n<p>Sert\u00e9s fejh\u00fas 32%, b\u0151r\u00f6s sert\u00e9s csontn\u00e9lk\u00fcli cs\u00fcl\u00f6k 62%, iv\u00f3v\u00edz, s\u00f3, term\u00e9szetes f\u0171szerek.<\/p>\n","protected":false},"excerpt":{"rendered":"<p>Sert\u00e9s fejh\u00fas 32%, b\u0151r\u00f6s sert\u00e9s csontn\u00e9lk\u00fcli cs\u00fcl\u00f6k 62%, iv\u00f3v\u00edz, s\u00f3, term\u00e9szetes f\u0171szerek.<\/p>\n","protected":false},"featured_media":1219,"template":"","meta":[],"gama":[37],"class_list":["post-906","product","type-product","status-publish","has-post-thumbnail","hentry","gama-disznofosajtok","description-off"],"_links":{"self":[{"href":"https:\/\/szekelyfalat.ro\/hu\/wp-json\/wp\/v2\/product\/906","targetHints":{"allow":["GET"]}}],"collection":[{"href":"https:\/\/szekelyfalat.ro\/hu\/wp-json\/wp\/v2\/product"}],"about":[{"href":"https:\/\/szekelyfalat.ro\/hu\/wp-json\/wp\/v2\/types\/product"}],"wp:featuredmedia":[{"embeddable":true,"href":"https:\/\/szekelyfalat.ro\/hu\/wp-json\/wp\/v2\/media\/1219"}],"wp:attachment":[{"href":"https:\/\/szekelyfalat.ro\/hu\/wp-json\/wp\/v2\/media?parent=906"}],"wp:term":[{"taxonomy":"gama","embeddable":true,"href":"https:\/\/szekelyfalat.ro\/hu\/wp-json\/wp\/v2\/gama?post=906"}],"curies":[{"name":"wp","href":"https:\/\/api.w.org\/{rel}","templated":true}]}}