{"id":905,"date":"2025-03-06T12:34:25","date_gmt":"2025-03-06T11:34:25","guid":{"rendered":"https:\/\/szekelyfalat.ro\/?post_type=product&#038;p=905"},"modified":"2025-04-15T08:22:45","modified_gmt":"2025-04-15T06:22:45","slug":"szekely-disznofosajt","status":"publish","type":"product","link":"https:\/\/szekelyfalat.ro\/hu\/product\/szekely-disznofosajt\/","title":{"rendered":"HAGYOM\u00c1NYOS DISZN\u00d3F\u0150SAJT"},"content":{"rendered":"\n<p>32% sert\u00e9s fejh\u00fas, 62% csont n\u00e9lk\u00fcli sert\u00e9s cs\u00fcl\u00f6k, s\u00f3, term\u00e9szetes f\u0171szerek. F\u0151tt, f\u00fcst\u00f6lt term\u00e9k. Mesters\u00e9ges, nem fogyaszthat\u00f3 bevonat.<\/p>\n","protected":false},"excerpt":{"rendered":"<p>32% sert\u00e9s fejh\u00fas, 62% csont n\u00e9lk\u00fcli sert\u00e9s cs\u00fcl\u00f6k, s\u00f3, term\u00e9szetes f\u0171szerek. F\u0151tt, f\u00fcst\u00f6lt term\u00e9k. Mesters\u00e9ges, nem fogyaszthat\u00f3 bevonat.<\/p>\n","protected":false},"featured_media":1222,"template":"","meta":[],"gama":[37],"class_list":["post-905","product","type-product","status-publish","has-post-thumbnail","hentry","gama-disznofosajtok","description-off"],"_links":{"self":[{"href":"https:\/\/szekelyfalat.ro\/hu\/wp-json\/wp\/v2\/product\/905","targetHints":{"allow":["GET"]}}],"collection":[{"href":"https:\/\/szekelyfalat.ro\/hu\/wp-json\/wp\/v2\/product"}],"about":[{"href":"https:\/\/szekelyfalat.ro\/hu\/wp-json\/wp\/v2\/types\/product"}],"wp:featuredmedia":[{"embeddable":true,"href":"https:\/\/szekelyfalat.ro\/hu\/wp-json\/wp\/v2\/media\/1222"}],"wp:attachment":[{"href":"https:\/\/szekelyfalat.ro\/hu\/wp-json\/wp\/v2\/media?parent=905"}],"wp:term":[{"taxonomy":"gama","embeddable":true,"href":"https:\/\/szekelyfalat.ro\/hu\/wp-json\/wp\/v2\/gama?post=905"}],"curies":[{"name":"wp","href":"https:\/\/api.w.org\/{rel}","templated":true}]}}