{"id":904,"date":"2025-03-06T12:33:58","date_gmt":"2025-03-06T11:33:58","guid":{"rendered":"https:\/\/szekelyfalat.ro\/?post_type=product&#038;p=904"},"modified":"2025-03-06T12:33:58","modified_gmt":"2025-03-06T11:33:58","slug":"csirke-pastetom","status":"publish","type":"product","link":"https:\/\/szekelyfalat.ro\/hu\/product\/csirke-pastetom\/","title":{"rendered":"CSIRKE P\u00c1ST\u00c9TOM"},"content":{"rendered":"\n<p>Csirkeh\u00fas 42%, csirkem\u00e1j 33%, v\u00edz, sert\u00e9s zsirad\u00e9k, s\u00f3, term\u00e9szetes f\u0171szerek (feh\u00e9rbors, fekete bors, hagyma, fokhagyma, koriander, szerecsendi\u00f3, k\u00f6m\u00e9ny). Nem tartalmaz allerg\u00e9neket.<\/p>\n","protected":false},"excerpt":{"rendered":"<p>Csirkeh\u00fas 42%, csirkem\u00e1j 33%, v\u00edz, sert\u00e9s zsirad\u00e9k, s\u00f3, term\u00e9szetes f\u0171szerek (feh\u00e9rbors, fekete bors, hagyma, fokhagyma, koriander, szerecsendi\u00f3, k\u00f6m\u00e9ny). Nem tartalmaz allerg\u00e9neket.<\/p>\n","protected":false},"featured_media":1419,"template":"","meta":[],"gama":[36],"class_list":["post-904","product","type-product","status-publish","has-post-thumbnail","hentry","gama-pastetomok","description-off"],"_links":{"self":[{"href":"https:\/\/szekelyfalat.ro\/hu\/wp-json\/wp\/v2\/product\/904","targetHints":{"allow":["GET"]}}],"collection":[{"href":"https:\/\/szekelyfalat.ro\/hu\/wp-json\/wp\/v2\/product"}],"about":[{"href":"https:\/\/szekelyfalat.ro\/hu\/wp-json\/wp\/v2\/types\/product"}],"wp:featuredmedia":[{"embeddable":true,"href":"https:\/\/szekelyfalat.ro\/hu\/wp-json\/wp\/v2\/media\/1419"}],"wp:attachment":[{"href":"https:\/\/szekelyfalat.ro\/hu\/wp-json\/wp\/v2\/media?parent=904"}],"wp:term":[{"taxonomy":"gama","embeddable":true,"href":"https:\/\/szekelyfalat.ro\/hu\/wp-json\/wp\/v2\/gama?post=904"}],"curies":[{"name":"wp","href":"https:\/\/api.w.org\/{rel}","templated":true}]}}