{"id":903,"date":"2025-03-06T12:33:38","date_gmt":"2025-03-06T11:33:38","guid":{"rendered":"https:\/\/szekelyfalat.ro\/?post_type=product&#038;p=903"},"modified":"2025-03-06T12:33:39","modified_gmt":"2025-03-06T11:33:39","slug":"szekely-pastetom","status":"publish","type":"product","link":"https:\/\/szekelyfalat.ro\/hu\/product\/szekely-pastetom\/","title":{"rendered":"SZ\u00c9KELY P\u00c1ST\u00c9TOM"},"content":{"rendered":"\n<p>Sert\u00e9sh\u00fas 60%, sert\u00e9sm\u00e1j, szalonna, s\u00f3, term\u00e9szetes f\u0171szerek.<\/p>\n","protected":false},"excerpt":{"rendered":"<p>Sert\u00e9sh\u00fas 60%, sert\u00e9sm\u00e1j, szalonna, s\u00f3, term\u00e9szetes f\u0171szerek.<\/p>\n","protected":false},"featured_media":1416,"template":"","meta":[],"gama":[36],"class_list":["post-903","product","type-product","status-publish","has-post-thumbnail","hentry","gama-pastetomok","description-off"],"_links":{"self":[{"href":"https:\/\/szekelyfalat.ro\/hu\/wp-json\/wp\/v2\/product\/903","targetHints":{"allow":["GET"]}}],"collection":[{"href":"https:\/\/szekelyfalat.ro\/hu\/wp-json\/wp\/v2\/product"}],"about":[{"href":"https:\/\/szekelyfalat.ro\/hu\/wp-json\/wp\/v2\/types\/product"}],"wp:featuredmedia":[{"embeddable":true,"href":"https:\/\/szekelyfalat.ro\/hu\/wp-json\/wp\/v2\/media\/1416"}],"wp:attachment":[{"href":"https:\/\/szekelyfalat.ro\/hu\/wp-json\/wp\/v2\/media?parent=903"}],"wp:term":[{"taxonomy":"gama","embeddable":true,"href":"https:\/\/szekelyfalat.ro\/hu\/wp-json\/wp\/v2\/gama?post=903"}],"curies":[{"name":"wp","href":"https:\/\/api.w.org\/{rel}","templated":true}]}}