{"id":902,"date":"2025-03-06T12:33:16","date_gmt":"2025-03-06T11:33:16","guid":{"rendered":"https:\/\/szekelyfalat.ro\/?post_type=product&#038;p=902"},"modified":"2025-03-06T12:33:17","modified_gmt":"2025-03-06T11:33:17","slug":"fustolt-pastetom","status":"publish","type":"product","link":"https:\/\/szekelyfalat.ro\/hu\/product\/fustolt-pastetom\/","title":{"rendered":"F\u00dcST\u00d6LT P\u00c1ST\u00c9TOM"},"content":{"rendered":"\n<p>Sert\u00e9sh\u00fas, sert\u00e9s m\u00e1j, szalonna, s\u00f3, term\u00e9szetes f\u0171szerek. F\u0151tt, f\u00fcst\u00f6lt term\u00e9k. Term\u00e9szetes h\u00e1rtya bevonattal.<\/p>\n","protected":false},"excerpt":{"rendered":"<p>Sert\u00e9sh\u00fas, sert\u00e9s m\u00e1j, szalonna, s\u00f3, term\u00e9szetes f\u0171szerek. F\u0151tt, f\u00fcst\u00f6lt term\u00e9k. Term\u00e9szetes h\u00e1rtya bevonattal.<\/p>\n","protected":false},"featured_media":0,"template":"","meta":[],"gama":[36],"class_list":["post-902","product","type-product","status-publish","hentry","gama-pastetomok","description-off"],"_links":{"self":[{"href":"https:\/\/szekelyfalat.ro\/hu\/wp-json\/wp\/v2\/product\/902","targetHints":{"allow":["GET"]}}],"collection":[{"href":"https:\/\/szekelyfalat.ro\/hu\/wp-json\/wp\/v2\/product"}],"about":[{"href":"https:\/\/szekelyfalat.ro\/hu\/wp-json\/wp\/v2\/types\/product"}],"wp:attachment":[{"href":"https:\/\/szekelyfalat.ro\/hu\/wp-json\/wp\/v2\/media?parent=902"}],"wp:term":[{"taxonomy":"gama","embeddable":true,"href":"https:\/\/szekelyfalat.ro\/hu\/wp-json\/wp\/v2\/gama?post=902"}],"curies":[{"name":"wp","href":"https:\/\/api.w.org\/{rel}","templated":true}]}}