{"id":901,"date":"2025-03-06T12:32:49","date_gmt":"2025-03-06T11:32:49","guid":{"rendered":"https:\/\/szekelyfalat.ro\/?post_type=product&#038;p=901"},"modified":"2025-03-06T12:32:50","modified_gmt":"2025-03-06T11:32:50","slug":"virsli-kolbasz","status":"publish","type":"product","link":"https:\/\/szekelyfalat.ro\/hu\/product\/virsli-kolbasz\/","title":{"rendered":"VIRSLI KOLB\u00c1SZ"},"content":{"rendered":"\n<p>Birkah\u00fas, sert\u00e9sh\u00fas, szalonna, s\u00f3, v\u00edz, term\u00e9szetes f\u0171szerek.<\/p>\n","protected":false},"excerpt":{"rendered":"<p>Birkah\u00fas, sert\u00e9sh\u00fas, szalonna, s\u00f3, v\u00edz, term\u00e9szetes f\u0171szerek.<\/p>\n","protected":false},"featured_media":1272,"template":"","meta":[],"gama":[35],"class_list":["post-901","product","type-product","status-publish","has-post-thumbnail","hentry","gama-fott-fustolt-kolbaszok","description-off"],"_links":{"self":[{"href":"https:\/\/szekelyfalat.ro\/hu\/wp-json\/wp\/v2\/product\/901","targetHints":{"allow":["GET"]}}],"collection":[{"href":"https:\/\/szekelyfalat.ro\/hu\/wp-json\/wp\/v2\/product"}],"about":[{"href":"https:\/\/szekelyfalat.ro\/hu\/wp-json\/wp\/v2\/types\/product"}],"wp:featuredmedia":[{"embeddable":true,"href":"https:\/\/szekelyfalat.ro\/hu\/wp-json\/wp\/v2\/media\/1272"}],"wp:attachment":[{"href":"https:\/\/szekelyfalat.ro\/hu\/wp-json\/wp\/v2\/media?parent=901"}],"wp:term":[{"taxonomy":"gama","embeddable":true,"href":"https:\/\/szekelyfalat.ro\/hu\/wp-json\/wp\/v2\/gama?post=901"}],"curies":[{"name":"wp","href":"https:\/\/api.w.org\/{rel}","templated":true}]}}