{"id":897,"date":"2025-03-06T12:31:20","date_gmt":"2025-03-06T11:31:20","guid":{"rendered":"https:\/\/szekelyfalat.ro\/?post_type=product&#038;p=897"},"modified":"2025-03-06T12:31:21","modified_gmt":"2025-03-06T11:31:21","slug":"pikans-kolbasz","status":"publish","type":"product","link":"https:\/\/szekelyfalat.ro\/hu\/product\/pikans-kolbasz\/","title":{"rendered":"PIK\u00c1NS KOLB\u00c1SZ"},"content":{"rendered":"\n<p>Sert\u00e9sh\u00fas, marhah\u00fas, s\u00f3, term\u00e9szetes f\u0171szerek (1,5% cs\u00edp\u0151s paprika por ). Nyers, f\u00fcst\u00f6lt term\u00e9k. Term\u00e9szetes bevonattal.<\/p>\n","protected":false},"excerpt":{"rendered":"<p>Sert\u00e9sh\u00fas, marhah\u00fas, s\u00f3, term\u00e9szetes f\u0171szerek (1,5% cs\u00edp\u0151s paprika por ). Nyers, f\u00fcst\u00f6lt term\u00e9k. Term\u00e9szetes bevonattal.<\/p>\n","protected":false},"featured_media":1407,"template":"","meta":[],"gama":[34],"class_list":["post-897","product","type-product","status-publish","has-post-thumbnail","hentry","gama-fustolt-kolbaszok","description-off"],"_links":{"self":[{"href":"https:\/\/szekelyfalat.ro\/hu\/wp-json\/wp\/v2\/product\/897","targetHints":{"allow":["GET"]}}],"collection":[{"href":"https:\/\/szekelyfalat.ro\/hu\/wp-json\/wp\/v2\/product"}],"about":[{"href":"https:\/\/szekelyfalat.ro\/hu\/wp-json\/wp\/v2\/types\/product"}],"wp:featuredmedia":[{"embeddable":true,"href":"https:\/\/szekelyfalat.ro\/hu\/wp-json\/wp\/v2\/media\/1407"}],"wp:attachment":[{"href":"https:\/\/szekelyfalat.ro\/hu\/wp-json\/wp\/v2\/media?parent=897"}],"wp:term":[{"taxonomy":"gama","embeddable":true,"href":"https:\/\/szekelyfalat.ro\/hu\/wp-json\/wp\/v2\/gama?post=897"}],"curies":[{"name":"wp","href":"https:\/\/api.w.org\/{rel}","templated":true}]}}