{"id":896,"date":"2025-03-06T12:31:01","date_gmt":"2025-03-06T11:31:01","guid":{"rendered":"https:\/\/szekelyfalat.ro\/?post_type=product&#038;p=896"},"modified":"2025-03-06T12:31:02","modified_gmt":"2025-03-06T11:31:02","slug":"fustolt-lo-kolbasz","status":"publish","type":"product","link":"https:\/\/szekelyfalat.ro\/hu\/product\/fustolt-lo-kolbasz\/","title":{"rendered":"F\u00dcST\u00d6LT L\u00d3 KOLB\u00c1SZ"},"content":{"rendered":"\n<p>L\u00f3h\u00fas, szalonna, s\u00f3, term\u00e9szetes f\u0171szerek. Nyers, f\u00fcst\u00f6lt term\u00e9k. Term\u00e9szetes bevonattal.<\/p>\n","protected":false},"excerpt":{"rendered":"<p>L\u00f3h\u00fas, szalonna, s\u00f3, term\u00e9szetes f\u0171szerek. Nyers, f\u00fcst\u00f6lt term\u00e9k. Term\u00e9szetes bevonattal.<\/p>\n","protected":false},"featured_media":1404,"template":"","meta":[],"gama":[34],"class_list":["post-896","product","type-product","status-publish","has-post-thumbnail","hentry","gama-fustolt-kolbaszok","description-off"],"_links":{"self":[{"href":"https:\/\/szekelyfalat.ro\/hu\/wp-json\/wp\/v2\/product\/896","targetHints":{"allow":["GET"]}}],"collection":[{"href":"https:\/\/szekelyfalat.ro\/hu\/wp-json\/wp\/v2\/product"}],"about":[{"href":"https:\/\/szekelyfalat.ro\/hu\/wp-json\/wp\/v2\/types\/product"}],"wp:featuredmedia":[{"embeddable":true,"href":"https:\/\/szekelyfalat.ro\/hu\/wp-json\/wp\/v2\/media\/1404"}],"wp:attachment":[{"href":"https:\/\/szekelyfalat.ro\/hu\/wp-json\/wp\/v2\/media?parent=896"}],"wp:term":[{"taxonomy":"gama","embeddable":true,"href":"https:\/\/szekelyfalat.ro\/hu\/wp-json\/wp\/v2\/gama?post=896"}],"curies":[{"name":"wp","href":"https:\/\/api.w.org\/{rel}","templated":true}]}}