{"id":895,"date":"2025-03-06T12:30:39","date_gmt":"2025-03-06T11:30:39","guid":{"rendered":"https:\/\/szekelyfalat.ro\/?post_type=product&#038;p=895"},"modified":"2025-03-06T12:30:40","modified_gmt":"2025-03-06T11:30:40","slug":"fustolt-csabai-kolbasz","status":"publish","type":"product","link":"https:\/\/szekelyfalat.ro\/hu\/product\/fustolt-csabai-kolbasz\/","title":{"rendered":"F\u00dcST\u00d6LT CSABAI KOLB\u00c1SZ"},"content":{"rendered":"\n<p>94% sert\u00e9sh\u00fas, s\u00f3, term\u00e9szetes f\u0171szerek (1% \u00e9des paprika por). Nyers, f\u00fcst\u00f6lt term\u00e9k. Term\u00e9szetes bevonattal.<\/p>\n","protected":false},"excerpt":{"rendered":"<p>94% sert\u00e9sh\u00fas, s\u00f3, term\u00e9szetes f\u0171szerek (1% \u00e9des paprika por). Nyers, f\u00fcst\u00f6lt term\u00e9k. Term\u00e9szetes bevonattal.<\/p>\n","protected":false},"featured_media":1401,"template":"","meta":[],"gama":[34],"class_list":["post-895","product","type-product","status-publish","has-post-thumbnail","hentry","gama-fustolt-kolbaszok","description-off"],"_links":{"self":[{"href":"https:\/\/szekelyfalat.ro\/hu\/wp-json\/wp\/v2\/product\/895","targetHints":{"allow":["GET"]}}],"collection":[{"href":"https:\/\/szekelyfalat.ro\/hu\/wp-json\/wp\/v2\/product"}],"about":[{"href":"https:\/\/szekelyfalat.ro\/hu\/wp-json\/wp\/v2\/types\/product"}],"wp:featuredmedia":[{"embeddable":true,"href":"https:\/\/szekelyfalat.ro\/hu\/wp-json\/wp\/v2\/media\/1401"}],"wp:attachment":[{"href":"https:\/\/szekelyfalat.ro\/hu\/wp-json\/wp\/v2\/media?parent=895"}],"wp:term":[{"taxonomy":"gama","embeddable":true,"href":"https:\/\/szekelyfalat.ro\/hu\/wp-json\/wp\/v2\/gama?post=895"}],"curies":[{"name":"wp","href":"https:\/\/api.w.org\/{rel}","templated":true}]}}